{"id":10684,"date":"2024-03-21T16:13:25","date_gmt":"2024-03-21T15:13:25","guid":{"rendered":"https:\/\/www.ease2pay.com\/?page_id=10684"},"modified":"2024-03-21T17:01:00","modified_gmt":"2024-03-21T16:01:00","slug":"jge","status":"publish","type":"page","link":"https:\/\/www.ease2pay.com\/fr\/jge\/","title":{"rendered":"JGE"},"content":{"rendered":"<div data-elementor-type=\"wp-page\" data-elementor-id=\"10684\" class=\"elementor elementor-10684\" data-elementor-settings=\"{&quot;ha_cmc_init_switcher&quot;:&quot;no&quot;}\" data-elementor-post-type=\"page\">\n\t\t\t\t<div class=\"elementor-element elementor-element-e8c7c43 e-flex e-con-boxed e-con e-parent\" data-id=\"e8c7c43\" data-element_type=\"container\" data-e-type=\"container\" data-settings=\"{&quot;_ha_eqh_enable&quot;:false}\">\n\t\t\t\t\t<div class=\"e-con-inner\">\n\t\t\t\t\t<\/div>\n\t\t\t\t<\/div>\n\t\t<div class=\"elementor-element elementor-element-1265e60 e-flex e-con-boxed e-con e-parent\" data-id=\"1265e60\" data-element_type=\"container\" data-e-type=\"container\" data-settings=\"{&quot;_ha_eqh_enable&quot;:false}\">\n\t\t\t\t\t<div class=\"e-con-inner\">\n\t\t\t\t<div class=\"elementor-element elementor-element-ee6dcc3 elementor-widget elementor-widget-ha-cf7 happy-addon ha-cf7\" data-id=\"ee6dcc3\" data-element_type=\"widget\" data-e-type=\"widget\" data-widget_type=\"ha-cf7.default\">\n\t\t\t\t<div class=\"elementor-widget-container\">\n\t\t\t\t\t\n<div class=\"wpcf7 no-js\" id=\"wpcf7-f10619-o1\" lang=\"en-US\" dir=\"ltr\" data-wpcf7-id=\"10619\">\n<div class=\"screen-reader-response\"><p role=\"status\" aria-live=\"polite\" aria-atomic=\"true\"><\/p> <ul><\/ul><\/div>\n<form action=\"\/fr\/wp-json\/wp\/v2\/pages\/10684#wpcf7-f10619-o1\" method=\"post\" class=\"wpcf7-form init ha-cf7-form\" aria-label=\"Contact form\" novalidate=\"novalidate\" data-status=\"init\" data-trp-original-action=\"\/fr\/wp-json\/wp\/v2\/pages\/10684#wpcf7-f10619-o1\">\n<fieldset class=\"hidden-fields-container\"><input type=\"hidden\" name=\"_wpcf7\" value=\"10619\" \/><input type=\"hidden\" name=\"_wpcf7_version\" value=\"6.1.5\" \/><input type=\"hidden\" name=\"_wpcf7_locale\" value=\"en_US\" \/><input type=\"hidden\" name=\"_wpcf7_unit_tag\" value=\"wpcf7-f10619-o1\" \/><input type=\"hidden\" name=\"_wpcf7_container_post\" value=\"0\" \/><input type=\"hidden\" name=\"_wpcf7_posted_data_hash\" value=\"\" \/><input type=\"hidden\" name=\"_wpcf7_recaptcha_response\" value=\"\" \/>\n<\/fieldset>\n<p><label> Voornaam (required)<br \/>\n<span class=\"wpcf7-form-control-wrap\" data-name=\"first-name\"><input size=\"40\" maxlength=\"400\" class=\"wpcf7-form-control wpcf7-text wpcf7-validates-as-required\" aria-required=\"true\" aria-invalid=\"false\" value=\"\" type=\"text\" name=\"first-name\" \/><\/span> <\/label><br \/>\n<label> Achternaam (required)<br \/>\n<span class=\"wpcf7-form-control-wrap\" data-name=\"last-name\"><input size=\"40\" maxlength=\"400\" class=\"wpcf7-form-control wpcf7-text wpcf7-validates-as-required\" aria-required=\"true\" aria-invalid=\"false\" value=\"\" type=\"text\" name=\"last-name\" \/><\/span> <\/label>\n<\/p>\n<p><label> bedrijfsnaam (required)<br \/>\n<span class=\"wpcf7-form-control-wrap\" data-name=\"company-name\"><input size=\"40\" maxlength=\"400\" class=\"wpcf7-form-control wpcf7-text wpcf7-validates-as-required\" aria-required=\"true\" aria-invalid=\"false\" value=\"\" type=\"text\" name=\"company-name\" \/><\/span> <\/label>\n<\/p>\n<p><label> Email (obligatoire)<br \/>\n<span class=\"wpcf7-form-control-wrap\" data-name=\"your-email\"><input size=\"40\" maxlength=\"400\" class=\"wpcf7-form-control wpcf7-email wpcf7-validates-as-required wpcf7-text wpcf7-validates-as-email\" aria-required=\"true\" aria-invalid=\"false\" value=\"\" type=\"email\" name=\"your-email\" \/><\/span> <\/label>\n<\/p>\n<p><input class=\"wpcf7-form-control wpcf7-submit has-spinner\" type=\"submit\" value=\"Download Whitepaper\" \/>\n<\/p><input type=\"hidden\" id=\"ct_checkjs_cf7_149e9677a5989fd342ae44213df68868\" name=\"ct_checkjs_cf7\" value=\"0\" \/><script >setTimeout(function(){var ct_input_name = \"ct_checkjs_cf7_149e9677a5989fd342ae44213df68868\";if (document.getElementById(ct_input_name) !== null) {var ct_input_value = document.getElementById(ct_input_name).value;document.getElementById(ct_input_name).value = document.getElementById(ct_input_name).value.replace(ct_input_value, '95dee9f19742d4eed10b0972c8ca30e6f5ce7e9e1b3cda479ea217d9077079ca');}}, 1000);<\/script><input\n                    class=\"apbct_special_field apbct_email_id__wp_contact_form_7\"\n                    name=\"apbct__email_id__wp_contact_form_7\"\n                    aria-label=\"apbct__label_id__wp_contact_form_7\"\n                    type=\"text\" size=\"30\" maxlength=\"200\" autocomplete=\"off\"\n                    value=\"\"\n                \/><div class=\"wpcf7-response-output\" aria-hidden=\"true\"><\/div>\n<input\n                    class=\"apbct_special_field apbct_email_id__elementor_form\"\n                    name=\"apbct__email_id__elementor_form\"\n                    aria-label=\"apbct__label_id__elementor_form\"\n                    type=\"text\" size=\"30\" maxlength=\"200\" autocomplete=\"off\"\n                    value=\"\"\n                \/><input type=\"hidden\" name=\"trp-form-language\" value=\"fr\"\/><\/form>\n<\/div>\n\t\t\t\t<\/div>\n\t\t\t\t<\/div>\n\t\t\t\t\t<\/div>\n\t\t\t\t<\/div>\n\t\t\t\t<\/div>","protected":false},"excerpt":{"rendered":"<p>Naam (required) Achternaam (required) bedrijfsnaam (required) Email (required) You need to enable Javascript for the anti-spam check.<\/p>","protected":false},"author":2,"featured_media":0,"parent":0,"menu_order":0,"comment_status":"closed","ping_status":"closed","template":"","meta":{"site-sidebar-layout":"no-sidebar","site-content-layout":"page-builder","ast-site-content-layout":"full-width-container","site-content-style":"default","site-sidebar-style":"default","ast-global-header-display":"","ast-banner-title-visibility":"","ast-main-header-display":"","ast-hfb-above-header-display":"","ast-hfb-below-header-display":"","ast-hfb-mobile-header-display":"","site-post-title":"disabled","ast-breadcrumbs-content":"","ast-featured-img":"disabled","footer-sml-layout":"","ast-disable-related-posts":"","theme-transparent-header-meta":"","adv-header-id-meta":"","stick-header-meta":"","header-above-stick-meta":"","header-main-stick-meta":"","header-below-stick-meta":"","astra-migrate-meta-layouts":"set","ast-page-background-enabled":"default","ast-page-background-meta":{"desktop":{"background-color":"var(--ast-global-color-4)","background-image":"","background-repeat":"repeat","background-position":"center center","background-size":"auto","background-attachment":"scroll","background-type":"","background-media":"","overlay-type":"","overlay-color":"","overlay-opacity":"","overlay-gradient":""},"tablet":{"background-color":"","background-image":"","background-repeat":"repeat","background-position":"center center","background-size":"auto","background-attachment":"scroll","background-type":"","background-media":"","overlay-type":"","overlay-color":"","overlay-opacity":"","overlay-gradient":""},"mobile":{"background-color":"","background-image":"","background-repeat":"repeat","background-position":"center center","background-size":"auto","background-attachment":"scroll","background-type":"","background-media":"","overlay-type":"","overlay-color":"","overlay-opacity":"","overlay-gradient":""}},"ast-content-background-meta":{"desktop":{"background-color":"var(--ast-global-color-5)","background-image":"","background-repeat":"repeat","background-position":"center center","background-size":"auto","background-attachment":"scroll","background-type":"","background-media":"","overlay-type":"","overlay-color":"","overlay-opacity":"","overlay-gradient":""},"tablet":{"background-color":"var(--ast-global-color-5)","background-image":"","background-repeat":"repeat","background-position":"center center","background-size":"auto","background-attachment":"scroll","background-type":"","background-media":"","overlay-type":"","overlay-color":"","overlay-opacity":"","overlay-gradient":""},"mobile":{"background-color":"var(--ast-global-color-5)","background-image":"","background-repeat":"repeat","background-position":"center center","background-size":"auto","background-attachment":"scroll","background-type":"","background-media":"","overlay-type":"","overlay-color":"","overlay-opacity":"","overlay-gradient":""}},"footnotes":""},"class_list":["post-10684","page","type-page","status-publish","hentry"],"yoast_head":"<!-- This site is optimized with the Yoast SEO Premium plugin v27.5 (Yoast SEO v27.5) - https:\/\/yoast.com\/product\/yoast-seo-premium-wordpress\/ -->\n<title>JGE - Ease2pay<\/title>\n<meta name=\"robots\" content=\"index, follow, max-snippet:-1, max-image-preview:large, max-video-preview:-1\" \/>\n<link rel=\"canonical\" href=\"https:\/\/www.ease2pay.com\/fr\/jge\/\" \/>\n<meta property=\"og:locale\" content=\"fr_FR\" \/>\n<meta property=\"og:type\" content=\"article\" \/>\n<meta property=\"og:title\" content=\"JGE\" \/>\n<meta property=\"og:description\" content=\"Naam (required) Achternaam (required) bedrijfsnaam (required) Email (required) You need to enable Javascript for the anti-spam check.\" \/>\n<meta property=\"og:url\" content=\"https:\/\/www.ease2pay.com\/fr\/jge\/\" \/>\n<meta property=\"og:site_name\" content=\"Ease2pay\" \/>\n<meta property=\"article:publisher\" content=\"https:\/\/www.facebook.com\/ease2pay\" \/>\n<meta property=\"article:modified_time\" content=\"2024-03-21T16:01:00+00:00\" \/>\n<meta name=\"twitter:card\" content=\"summary_large_image\" \/>\n<meta name=\"twitter:site\" content=\"@Ease2pay\" \/>\n<meta name=\"twitter:label1\" content=\"Dur\u00e9e de lecture estim\u00e9e\" \/>\n\t<meta name=\"twitter:data1\" content=\"1 minute\" \/>\n<script type=\"application\/ld+json\" class=\"yoast-schema-graph\">{\"@context\":\"https:\\\/\\\/schema.org\",\"@graph\":[{\"@type\":\"WebPage\",\"@id\":\"https:\\\/\\\/www.ease2pay.com\\\/jge\\\/\",\"url\":\"https:\\\/\\\/www.ease2pay.com\\\/jge\\\/\",\"name\":\"JGE - Ease2pay\",\"isPartOf\":{\"@id\":\"https:\\\/\\\/www.ease2pay.com\\\/#website\"},\"datePublished\":\"2024-03-21T15:13:25+00:00\",\"dateModified\":\"2024-03-21T16:01:00+00:00\",\"breadcrumb\":{\"@id\":\"https:\\\/\\\/www.ease2pay.com\\\/jge\\\/#breadcrumb\"},\"inLanguage\":\"fr-FR\",\"potentialAction\":[{\"@type\":\"ReadAction\",\"target\":[\"https:\\\/\\\/www.ease2pay.com\\\/jge\\\/\"]}]},{\"@type\":\"BreadcrumbList\",\"@id\":\"https:\\\/\\\/www.ease2pay.com\\\/jge\\\/#breadcrumb\",\"itemListElement\":[{\"@type\":\"ListItem\",\"position\":1,\"name\":\"Home\",\"item\":\"https:\\\/\\\/www.ease2pay.com\\\/\"},{\"@type\":\"ListItem\",\"position\":2,\"name\":\"JGE\"}]},{\"@type\":\"WebSite\",\"@id\":\"https:\\\/\\\/www.ease2pay.com\\\/#website\",\"url\":\"https:\\\/\\\/www.ease2pay.com\\\/\",\"name\":\"Ease2pay.com\",\"description\":\"Self service for energy, transport and more\",\"publisher\":{\"@id\":\"https:\\\/\\\/www.ease2pay.com\\\/#organization\"},\"potentialAction\":[{\"@type\":\"SearchAction\",\"target\":{\"@type\":\"EntryPoint\",\"urlTemplate\":\"https:\\\/\\\/www.ease2pay.com\\\/?s={search_term_string}\"},\"query-input\":{\"@type\":\"PropertyValueSpecification\",\"valueRequired\":true,\"valueName\":\"search_term_string\"}}],\"inLanguage\":\"fr-FR\"},{\"@type\":[\"Organization\",\"Place\"],\"@id\":\"https:\\\/\\\/www.ease2pay.com\\\/#organization\",\"name\":\"Ease2pay\",\"url\":\"https:\\\/\\\/www.ease2pay.com\\\/\",\"logo\":{\"@id\":\"https:\\\/\\\/www.ease2pay.com\\\/jge\\\/#local-main-organization-logo\"},\"image\":{\"@id\":\"https:\\\/\\\/www.ease2pay.com\\\/jge\\\/#local-main-organization-logo\"},\"sameAs\":[\"https:\\\/\\\/www.facebook.com\\\/ease2pay\",\"https:\\\/\\\/x.com\\\/Ease2pay\",\"https:\\\/\\\/www.linkedin.com\\\/company\\\/18239877\\\/admin\\\/dashboard\\\/\",\"https:\\\/\\\/www.instagram.com\\\/ease2paynl\\\/\"],\"description\":\"Ontdek het gemak van selfservice. Reserveer, activeer en betaal jouw stroom, water en verblijf op diverse locaties. Regel alles met \u00e9\u00e9n druk op de knop.\",\"numberOfEmployees\":{\"@type\":\"QuantitativeValue\",\"minValue\":\"11\",\"maxValue\":\"50\"},\"telephone\":[],\"openingHoursSpecification\":[{\"@type\":\"OpeningHoursSpecification\",\"dayOfWeek\":[\"Monday\",\"Tuesday\",\"Wednesday\",\"Thursday\",\"Friday\",\"Saturday\",\"Sunday\"],\"opens\":\"09:00\",\"closes\":\"17:00\"}]},{\"@type\":\"ImageObject\",\"inLanguage\":\"fr-FR\",\"@id\":\"https:\\\/\\\/www.ease2pay.com\\\/jge\\\/#local-main-organization-logo\",\"url\":\"https:\\\/\\\/www.ease2pay.com\\\/wp-content\\\/uploads\\\/Ease2pay-logo.png\",\"contentUrl\":\"https:\\\/\\\/www.ease2pay.com\\\/wp-content\\\/uploads\\\/Ease2pay-logo.png\",\"width\":500,\"height\":86,\"caption\":\"Ease2pay\"}]}<\/script>\n<!-- \/ Yoast SEO Premium plugin. -->","yoast_head_json":{"title":"JGE - Ease2pay","robots":{"index":"index","follow":"follow","max-snippet":"max-snippet:-1","max-image-preview":"max-image-preview:large","max-video-preview":"max-video-preview:-1"},"canonical":"https:\/\/www.ease2pay.com\/fr\/jge\/","og_locale":"fr_FR","og_type":"article","og_title":"JGE","og_description":"Naam (required) Achternaam (required) bedrijfsnaam (required) Email (required) You need to enable Javascript for the anti-spam check.","og_url":"https:\/\/www.ease2pay.com\/fr\/jge\/","og_site_name":"Ease2pay","article_publisher":"https:\/\/www.facebook.com\/ease2pay","article_modified_time":"2024-03-21T16:01:00+00:00","twitter_card":"summary_large_image","twitter_site":"@Ease2pay","twitter_misc":{"Dur\u00e9e de lecture estim\u00e9e":"1 minute"},"schema":{"@context":"https:\/\/schema.org","@graph":[{"@type":"WebPage","@id":"https:\/\/www.ease2pay.com\/jge\/","url":"https:\/\/www.ease2pay.com\/jge\/","name":"JGE - Ease2pay","isPartOf":{"@id":"https:\/\/www.ease2pay.com\/#website"},"datePublished":"2024-03-21T15:13:25+00:00","dateModified":"2024-03-21T16:01:00+00:00","breadcrumb":{"@id":"https:\/\/www.ease2pay.com\/jge\/#breadcrumb"},"inLanguage":"fr-FR","potentialAction":[{"@type":"ReadAction","target":["https:\/\/www.ease2pay.com\/jge\/"]}]},{"@type":"BreadcrumbList","@id":"https:\/\/www.ease2pay.com\/jge\/#breadcrumb","itemListElement":[{"@type":"ListItem","position":1,"name":"Home","item":"https:\/\/www.ease2pay.com\/"},{"@type":"ListItem","position":2,"name":"JGE"}]},{"@type":"WebSite","@id":"https:\/\/www.ease2pay.com\/#website","url":"https:\/\/www.ease2pay.com\/","name":"Ease2pay.com","description":"Self service for energy, transport and more","publisher":{"@id":"https:\/\/www.ease2pay.com\/#organization"},"potentialAction":[{"@type":"SearchAction","target":{"@type":"EntryPoint","urlTemplate":"https:\/\/www.ease2pay.com\/?s={search_term_string}"},"query-input":{"@type":"PropertyValueSpecification","valueRequired":true,"valueName":"search_term_string"}}],"inLanguage":"fr-FR"},{"@type":["Organization","Place"],"@id":"https:\/\/www.ease2pay.com\/#organization","name":"Ease2pay","url":"https:\/\/www.ease2pay.com\/","logo":{"@id":"https:\/\/www.ease2pay.com\/jge\/#local-main-organization-logo"},"image":{"@id":"https:\/\/www.ease2pay.com\/jge\/#local-main-organization-logo"},"sameAs":["https:\/\/www.facebook.com\/ease2pay","https:\/\/x.com\/Ease2pay","https:\/\/www.linkedin.com\/company\/18239877\/admin\/dashboard\/","https:\/\/www.instagram.com\/ease2paynl\/"],"description":"D\u00e9couvrez la commodit\u00e9 du libre-service. R\u00e9servez, activez et payez votre \u00e9lectricit\u00e9, votre eau et votre logement \u00e0 diff\u00e9rents endroits. Il vous suffit d'appuyer sur un bouton pour tout organiser.","numberOfEmployees":{"@type":"QuantitativeValue","minValue":"11","maxValue":"50"},"telephone":[],"openingHoursSpecification":[{"@type":"OpeningHoursSpecification","dayOfWeek":["Monday","Tuesday","Wednesday","Thursday","Friday","Saturday","Sunday"],"opens":"09:00","closes":"17:00"}]},{"@type":"ImageObject","inLanguage":"fr-FR","@id":"https:\/\/www.ease2pay.com\/jge\/#local-main-organization-logo","url":"https:\/\/www.ease2pay.com\/wp-content\/uploads\/Ease2pay-logo.png","contentUrl":"https:\/\/www.ease2pay.com\/wp-content\/uploads\/Ease2pay-logo.png","width":500,"height":86,"caption":"Ease2pay"}]}},"_links":{"self":[{"href":"https:\/\/www.ease2pay.com\/fr\/wp-json\/wp\/v2\/pages\/10684","targetHints":{"allow":["GET"]}}],"collection":[{"href":"https:\/\/www.ease2pay.com\/fr\/wp-json\/wp\/v2\/pages"}],"about":[{"href":"https:\/\/www.ease2pay.com\/fr\/wp-json\/wp\/v2\/types\/page"}],"author":[{"embeddable":true,"href":"https:\/\/www.ease2pay.com\/fr\/wp-json\/wp\/v2\/users\/2"}],"replies":[{"embeddable":true,"href":"https:\/\/www.ease2pay.com\/fr\/wp-json\/wp\/v2\/comments?post=10684"}],"version-history":[{"count":11,"href":"https:\/\/www.ease2pay.com\/fr\/wp-json\/wp\/v2\/pages\/10684\/revisions"}],"predecessor-version":[{"id":10807,"href":"https:\/\/www.ease2pay.com\/fr\/wp-json\/wp\/v2\/pages\/10684\/revisions\/10807"}],"wp:attachment":[{"href":"https:\/\/www.ease2pay.com\/fr\/wp-json\/wp\/v2\/media?parent=10684"}],"curies":[{"name":"wp","href":"https:\/\/api.w.org\/{rel}","templated":true}]}}