{"id":10962,"date":"2024-04-02T16:12:44","date_gmt":"2024-04-02T14:12:44","guid":{"rendered":"https:\/\/www.ease2pay.com\/?page_id=10962"},"modified":"2024-05-08T12:10:53","modified_gmt":"2024-05-08T10:10:53","slug":"whitepaper-download-walstroom-wetgeving","status":"publish","type":"page","link":"https:\/\/www.ease2pay.com\/fr\/beheerders\/whitepaper-download-walstroom-wetgeving\/","title":{"rendered":"Whitepaper download Walstroom Wetgeving"},"content":{"rendered":"<div data-elementor-type=\"wp-page\" data-elementor-id=\"10962\" class=\"elementor elementor-10962\" data-elementor-settings=\"{&quot;ha_cmc_init_switcher&quot;:&quot;no&quot;}\" data-elementor-post-type=\"page\">\n\t\t\t\t<div class=\"elementor-element elementor-element-b8cfa92 e-flex e-con-boxed e-con e-parent\" data-id=\"b8cfa92\" data-element_type=\"container\" data-e-type=\"container\" data-settings=\"{&quot;background_background&quot;:&quot;classic&quot;,&quot;_ha_eqh_enable&quot;:false}\">\n\t\t\t\t\t<div class=\"e-con-inner\">\n\t\t<div class=\"elementor-element elementor-element-f33aeda e-con-full e-flex e-con e-child\" data-id=\"f33aeda\" data-element_type=\"container\" data-e-type=\"container\" data-settings=\"{&quot;_ha_eqh_enable&quot;:false}\">\n\t\t\t\t<div class=\"elementor-element elementor-element-781ff05 elementor-widget elementor-widget-heading\" data-id=\"781ff05\" data-element_type=\"widget\" data-e-type=\"widget\" data-widget_type=\"heading.default\">\n\t\t\t\t<div class=\"elementor-widget-container\">\n\t\t\t\t\t<h1 class=\"elementor-heading-title elementor-size-default\">WHITEPAPER WALSTROOM<\/h1>\t\t\t\t<\/div>\n\t\t\t\t<\/div>\n\t\t\t\t<div class=\"elementor-element elementor-element-a661e7f elementor-widget elementor-widget-spacer\" data-id=\"a661e7f\" data-element_type=\"widget\" data-e-type=\"widget\" data-widget_type=\"spacer.default\">\n\t\t\t\t<div class=\"elementor-widget-container\">\n\t\t\t\t\t\t\t<div class=\"elementor-spacer\">\n\t\t\t<div class=\"elementor-spacer-inner\"><\/div>\n\t\t<\/div>\n\t\t\t\t\t\t<\/div>\n\t\t\t\t<\/div>\n\t\t\t\t<\/div>\n\t\t\t\t\t<\/div>\n\t\t\t\t<\/div>\n\t\t<div class=\"elementor-element elementor-element-3167358 e-flex e-con-boxed e-con e-parent\" data-id=\"3167358\" data-element_type=\"container\" data-e-type=\"container\" data-settings=\"{&quot;_ha_eqh_enable&quot;:false}\">\n\t\t\t\t\t<div class=\"e-con-inner\">\n\t\t<div class=\"elementor-element elementor-element-e5ac2f6 e-flex e-con-boxed e-con e-child\" data-id=\"e5ac2f6\" data-element_type=\"container\" data-e-type=\"container\" data-settings=\"{&quot;background_background&quot;:&quot;classic&quot;,&quot;_ha_eqh_enable&quot;:false}\">\n\t\t\t\t\t<div class=\"e-con-inner\">\n\t\t\t\t<div class=\"elementor-element elementor-element-1c7b95b ha-has-bg-overlay elementor-widget elementor-widget-html\" data-id=\"1c7b95b\" data-element_type=\"widget\" data-e-type=\"widget\" data-widget_type=\"html.default\">\n\t\t\t\t<div class=\"elementor-widget-container\">\n\t\t\t\t\t<iframe src=\"https:\/\/xz86hwkq.fwfmsites.com?redirectParent=true\" frameborder=\"0\" scrolling=\"yes\" width=\"100%\" height=\"100%\" marginheight=\"0\" marginwidth=\"0\" name=\"landing-page-embed-frame\" wmode=\"transparent\" style=\"height: 100vh\"><\/iframe>\n<script type=\"text\/javascript\">window.addEventListener(\"message\",function(e){if(e.data&&e.data.redirect){window.location.href=e.data.url}})<\/script>\t\t\t\t<\/div>\n\t\t\t\t<\/div>\n\t\t\t\t\t<\/div>\n\t\t\t\t<\/div>\n\t\t\t\t\t<\/div>\n\t\t\t\t<\/div>\n\t\t\t\t<\/div>","protected":false},"excerpt":{"rendered":"<p>WHITEPAPER WALSTROOM<\/p>","protected":false},"author":2,"featured_media":0,"parent":2582,"menu_order":0,"comment_status":"closed","ping_status":"closed","template":"","meta":{"site-sidebar-layout":"no-sidebar","site-content-layout":"page-builder","ast-site-content-layout":"default","site-content-style":"default","site-sidebar-style":"default","ast-global-header-display":"","ast-banner-title-visibility":"","ast-main-header-display":"","ast-hfb-above-header-display":"","ast-hfb-below-header-display":"","ast-hfb-mobile-header-display":"","site-post-title":"disabled","ast-breadcrumbs-content":"","ast-featured-img":"disabled","footer-sml-layout":"","ast-disable-related-posts":"","theme-transparent-header-meta":"","adv-header-id-meta":"","stick-header-meta":"","header-above-stick-meta":"","header-main-stick-meta":"","header-below-stick-meta":"","astra-migrate-meta-layouts":"default","ast-page-background-enabled":"default","ast-page-background-meta":{"desktop":{"background-color":"var(--ast-global-color-4)","background-image":"","background-repeat":"repeat","background-position":"center center","background-size":"auto","background-attachment":"scroll","background-type":"","background-media":"","overlay-type":"","overlay-color":"","overlay-opacity":"","overlay-gradient":""},"tablet":{"background-color":"","background-image":"","background-repeat":"repeat","background-position":"center center","background-size":"auto","background-attachment":"scroll","background-type":"","background-media":"","overlay-type":"","overlay-color":"","overlay-opacity":"","overlay-gradient":""},"mobile":{"background-color":"","background-image":"","background-repeat":"repeat","background-position":"center center","background-size":"auto","background-attachment":"scroll","background-type":"","background-media":"","overlay-type":"","overlay-color":"","overlay-opacity":"","overlay-gradient":""}},"ast-content-background-meta":{"desktop":{"background-color":"var(--ast-global-color-5)","background-image":"","background-repeat":"repeat","background-position":"center center","background-size":"auto","background-attachment":"scroll","background-type":"","background-media":"","overlay-type":"","overlay-color":"","overlay-opacity":"","overlay-gradient":""},"tablet":{"background-color":"var(--ast-global-color-5)","background-image":"","background-repeat":"repeat","background-position":"center center","background-size":"auto","background-attachment":"scroll","background-type":"","background-media":"","overlay-type":"","overlay-color":"","overlay-opacity":"","overlay-gradient":""},"mobile":{"background-color":"var(--ast-global-color-5)","background-image":"","background-repeat":"repeat","background-position":"center center","background-size":"auto","background-attachment":"scroll","background-type":"","background-media":"","overlay-type":"","overlay-color":"","overlay-opacity":"","overlay-gradient":""}},"footnotes":""},"class_list":["post-10962","page","type-page","status-publish","hentry"],"yoast_head":"<!-- This site is optimized with the Yoast SEO Premium plugin v27.4 (Yoast SEO v27.4) - https:\/\/yoast.com\/product\/yoast-seo-premium-wordpress\/ -->\n<title>Whitepaper download Walstroom Wetgeving - Ease2pay Voor Beheerders - Ease2pay<\/title>\n<meta name=\"description\" content=\"Onze duurzame selfservice oplossingen zijn inzetbaar op diverse locaties. Van havens tot aan parkeerplaatsen. Alles via \u00e9\u00e9n app.\" \/>\n<meta name=\"robots\" content=\"index, follow, max-snippet:-1, max-image-preview:large, max-video-preview:-1\" \/>\n<link rel=\"canonical\" href=\"https:\/\/www.ease2pay.com\/fr\/beheerders\/whitepaper-download-walstroom-wetgeving\/\" \/>\n<meta property=\"og:locale\" content=\"fr_FR\" \/>\n<meta property=\"og:type\" content=\"article\" \/>\n<meta property=\"og:title\" content=\"Whitepaper download Walstroom Wetgeving\" \/>\n<meta property=\"og:description\" content=\"Onze duurzame selfservice oplossingen zijn inzetbaar op diverse locaties. Van havens tot aan parkeerplaatsen. Alles via \u00e9\u00e9n app.\" \/>\n<meta property=\"og:url\" content=\"https:\/\/www.ease2pay.com\/fr\/beheerders\/whitepaper-download-walstroom-wetgeving\/\" \/>\n<meta property=\"og:site_name\" content=\"Ease2pay\" \/>\n<meta property=\"article:publisher\" content=\"https:\/\/www.facebook.com\/ease2pay\" \/>\n<meta property=\"article:modified_time\" content=\"2024-05-08T10:10:53+00:00\" \/>\n<meta name=\"twitter:card\" content=\"summary_large_image\" \/>\n<meta name=\"twitter:site\" content=\"@Ease2pay\" \/>\n<meta name=\"twitter:label1\" content=\"Dur\u00e9e de lecture estim\u00e9e\" \/>\n\t<meta name=\"twitter:data1\" content=\"1 minute\" \/>\n<script type=\"application\/ld+json\" class=\"yoast-schema-graph\">{\"@context\":\"https:\\\/\\\/schema.org\",\"@graph\":[{\"@type\":\"WebPage\",\"@id\":\"https:\\\/\\\/www.ease2pay.com\\\/beheerders\\\/whitepaper-download-walstroom-wetgeving\\\/\",\"url\":\"https:\\\/\\\/www.ease2pay.com\\\/beheerders\\\/whitepaper-download-walstroom-wetgeving\\\/\",\"name\":\"Whitepaper download Walstroom Wetgeving - Ease2pay Voor Beheerders - Ease2pay\",\"isPartOf\":{\"@id\":\"https:\\\/\\\/www.ease2pay.com\\\/#website\"},\"datePublished\":\"2024-04-02T14:12:44+00:00\",\"dateModified\":\"2024-05-08T10:10:53+00:00\",\"description\":\"Onze duurzame selfservice oplossingen zijn inzetbaar op diverse locaties. Van havens tot aan parkeerplaatsen. Alles via \u00e9\u00e9n app.\",\"breadcrumb\":{\"@id\":\"https:\\\/\\\/www.ease2pay.com\\\/beheerders\\\/whitepaper-download-walstroom-wetgeving\\\/#breadcrumb\"},\"inLanguage\":\"fr-FR\",\"potentialAction\":[{\"@type\":\"ReadAction\",\"target\":[\"https:\\\/\\\/www.ease2pay.com\\\/beheerders\\\/whitepaper-download-walstroom-wetgeving\\\/\"]}]},{\"@type\":\"BreadcrumbList\",\"@id\":\"https:\\\/\\\/www.ease2pay.com\\\/beheerders\\\/whitepaper-download-walstroom-wetgeving\\\/#breadcrumb\",\"itemListElement\":[{\"@type\":\"ListItem\",\"position\":1,\"name\":\"Home\",\"item\":\"https:\\\/\\\/www.ease2pay.com\\\/\"},{\"@type\":\"ListItem\",\"position\":2,\"name\":\"Beheerders\",\"item\":\"https:\\\/\\\/www.ease2pay.com\\\/beheerders\\\/\"},{\"@type\":\"ListItem\",\"position\":3,\"name\":\"Whitepaper download Walstroom Wetgeving\"}]},{\"@type\":\"WebSite\",\"@id\":\"https:\\\/\\\/www.ease2pay.com\\\/#website\",\"url\":\"https:\\\/\\\/www.ease2pay.com\\\/\",\"name\":\"Ease2pay.com\",\"description\":\"Self service for energy, transport and more\",\"publisher\":{\"@id\":\"https:\\\/\\\/www.ease2pay.com\\\/#organization\"},\"potentialAction\":[{\"@type\":\"SearchAction\",\"target\":{\"@type\":\"EntryPoint\",\"urlTemplate\":\"https:\\\/\\\/www.ease2pay.com\\\/?s={search_term_string}\"},\"query-input\":{\"@type\":\"PropertyValueSpecification\",\"valueRequired\":true,\"valueName\":\"search_term_string\"}}],\"inLanguage\":\"fr-FR\"},{\"@type\":[\"Organization\",\"Place\"],\"@id\":\"https:\\\/\\\/www.ease2pay.com\\\/#organization\",\"name\":\"Ease2pay\",\"url\":\"https:\\\/\\\/www.ease2pay.com\\\/\",\"logo\":{\"@id\":\"https:\\\/\\\/www.ease2pay.com\\\/beheerders\\\/whitepaper-download-walstroom-wetgeving\\\/#local-main-organization-logo\"},\"image\":{\"@id\":\"https:\\\/\\\/www.ease2pay.com\\\/beheerders\\\/whitepaper-download-walstroom-wetgeving\\\/#local-main-organization-logo\"},\"sameAs\":[\"https:\\\/\\\/www.facebook.com\\\/ease2pay\",\"https:\\\/\\\/x.com\\\/Ease2pay\",\"https:\\\/\\\/www.linkedin.com\\\/company\\\/18239877\\\/admin\\\/dashboard\\\/\",\"https:\\\/\\\/www.instagram.com\\\/ease2paynl\\\/\"],\"description\":\"Ontdek het gemak van selfservice. Reserveer, activeer en betaal jouw stroom, water en verblijf op diverse locaties. Regel alles met \u00e9\u00e9n druk op de knop.\",\"numberOfEmployees\":{\"@type\":\"QuantitativeValue\",\"minValue\":\"11\",\"maxValue\":\"50\"},\"telephone\":[],\"openingHoursSpecification\":[{\"@type\":\"OpeningHoursSpecification\",\"dayOfWeek\":[\"Monday\",\"Tuesday\",\"Wednesday\",\"Thursday\",\"Friday\",\"Saturday\",\"Sunday\"],\"opens\":\"09:00\",\"closes\":\"17:00\"}]},{\"@type\":\"ImageObject\",\"inLanguage\":\"fr-FR\",\"@id\":\"https:\\\/\\\/www.ease2pay.com\\\/beheerders\\\/whitepaper-download-walstroom-wetgeving\\\/#local-main-organization-logo\",\"url\":\"https:\\\/\\\/www.ease2pay.com\\\/wp-content\\\/uploads\\\/Ease2pay-logo.png\",\"contentUrl\":\"https:\\\/\\\/www.ease2pay.com\\\/wp-content\\\/uploads\\\/Ease2pay-logo.png\",\"width\":500,\"height\":86,\"caption\":\"Ease2pay\"}]}<\/script>\n<!-- \/ Yoast SEO Premium plugin. -->","yoast_head_json":{"title":"Whitepaper download Walstroom Wetgeving - Ease2pay Voor Beheerders - Ease2pay","description":"Onze duurzame selfservice oplossingen zijn inzetbaar op diverse locaties. Van havens tot aan parkeerplaatsen. Alles via \u00e9\u00e9n app.","robots":{"index":"index","follow":"follow","max-snippet":"max-snippet:-1","max-image-preview":"max-image-preview:large","max-video-preview":"max-video-preview:-1"},"canonical":"https:\/\/www.ease2pay.com\/fr\/beheerders\/whitepaper-download-walstroom-wetgeving\/","og_locale":"fr_FR","og_type":"article","og_title":"Whitepaper download Walstroom Wetgeving","og_description":"Onze duurzame selfservice oplossingen zijn inzetbaar op diverse locaties. Van havens tot aan parkeerplaatsen. Alles via \u00e9\u00e9n app.","og_url":"https:\/\/www.ease2pay.com\/fr\/beheerders\/whitepaper-download-walstroom-wetgeving\/","og_site_name":"Ease2pay","article_publisher":"https:\/\/www.facebook.com\/ease2pay","article_modified_time":"2024-05-08T10:10:53+00:00","twitter_card":"summary_large_image","twitter_site":"@Ease2pay","twitter_misc":{"Dur\u00e9e de lecture estim\u00e9e":"1 minute"},"schema":{"@context":"https:\/\/schema.org","@graph":[{"@type":"WebPage","@id":"https:\/\/www.ease2pay.com\/beheerders\/whitepaper-download-walstroom-wetgeving\/","url":"https:\/\/www.ease2pay.com\/beheerders\/whitepaper-download-walstroom-wetgeving\/","name":"Whitepaper download Walstroom Wetgeving - Ease2pay Voor Beheerders - Ease2pay","isPartOf":{"@id":"https:\/\/www.ease2pay.com\/#website"},"datePublished":"2024-04-02T14:12:44+00:00","dateModified":"2024-05-08T10:10:53+00:00","description":"Onze duurzame selfservice oplossingen zijn inzetbaar op diverse locaties. Van havens tot aan parkeerplaatsen. Alles via \u00e9\u00e9n app.","breadcrumb":{"@id":"https:\/\/www.ease2pay.com\/beheerders\/whitepaper-download-walstroom-wetgeving\/#breadcrumb"},"inLanguage":"fr-FR","potentialAction":[{"@type":"ReadAction","target":["https:\/\/www.ease2pay.com\/beheerders\/whitepaper-download-walstroom-wetgeving\/"]}]},{"@type":"BreadcrumbList","@id":"https:\/\/www.ease2pay.com\/beheerders\/whitepaper-download-walstroom-wetgeving\/#breadcrumb","itemListElement":[{"@type":"ListItem","position":1,"name":"Home","item":"https:\/\/www.ease2pay.com\/"},{"@type":"ListItem","position":2,"name":"Beheerders","item":"https:\/\/www.ease2pay.com\/beheerders\/"},{"@type":"ListItem","position":3,"name":"Whitepaper download Walstroom Wetgeving"}]},{"@type":"WebSite","@id":"https:\/\/www.ease2pay.com\/#website","url":"https:\/\/www.ease2pay.com\/","name":"Ease2pay.com","description":"Self service for energy, transport and more","publisher":{"@id":"https:\/\/www.ease2pay.com\/#organization"},"potentialAction":[{"@type":"SearchAction","target":{"@type":"EntryPoint","urlTemplate":"https:\/\/www.ease2pay.com\/?s={search_term_string}"},"query-input":{"@type":"PropertyValueSpecification","valueRequired":true,"valueName":"search_term_string"}}],"inLanguage":"fr-FR"},{"@type":["Organization","Place"],"@id":"https:\/\/www.ease2pay.com\/#organization","name":"Ease2pay","url":"https:\/\/www.ease2pay.com\/","logo":{"@id":"https:\/\/www.ease2pay.com\/beheerders\/whitepaper-download-walstroom-wetgeving\/#local-main-organization-logo"},"image":{"@id":"https:\/\/www.ease2pay.com\/beheerders\/whitepaper-download-walstroom-wetgeving\/#local-main-organization-logo"},"sameAs":["https:\/\/www.facebook.com\/ease2pay","https:\/\/x.com\/Ease2pay","https:\/\/www.linkedin.com\/company\/18239877\/admin\/dashboard\/","https:\/\/www.instagram.com\/ease2paynl\/"],"description":"D\u00e9couvrez la commodit\u00e9 du libre-service. R\u00e9servez, activez et payez votre \u00e9lectricit\u00e9, votre eau et votre logement \u00e0 diff\u00e9rents endroits. Il vous suffit d'appuyer sur un bouton pour tout organiser.","numberOfEmployees":{"@type":"QuantitativeValue","minValue":"11","maxValue":"50"},"telephone":[],"openingHoursSpecification":[{"@type":"OpeningHoursSpecification","dayOfWeek":["Monday","Tuesday","Wednesday","Thursday","Friday","Saturday","Sunday"],"opens":"09:00","closes":"17:00"}]},{"@type":"ImageObject","inLanguage":"fr-FR","@id":"https:\/\/www.ease2pay.com\/beheerders\/whitepaper-download-walstroom-wetgeving\/#local-main-organization-logo","url":"https:\/\/www.ease2pay.com\/wp-content\/uploads\/Ease2pay-logo.png","contentUrl":"https:\/\/www.ease2pay.com\/wp-content\/uploads\/Ease2pay-logo.png","width":500,"height":86,"caption":"Ease2pay"}]}},"_links":{"self":[{"href":"https:\/\/www.ease2pay.com\/fr\/wp-json\/wp\/v2\/pages\/10962","targetHints":{"allow":["GET"]}}],"collection":[{"href":"https:\/\/www.ease2pay.com\/fr\/wp-json\/wp\/v2\/pages"}],"about":[{"href":"https:\/\/www.ease2pay.com\/fr\/wp-json\/wp\/v2\/types\/page"}],"author":[{"embeddable":true,"href":"https:\/\/www.ease2pay.com\/fr\/wp-json\/wp\/v2\/users\/2"}],"replies":[{"embeddable":true,"href":"https:\/\/www.ease2pay.com\/fr\/wp-json\/wp\/v2\/comments?post=10962"}],"version-history":[{"count":7,"href":"https:\/\/www.ease2pay.com\/fr\/wp-json\/wp\/v2\/pages\/10962\/revisions"}],"predecessor-version":[{"id":11086,"href":"https:\/\/www.ease2pay.com\/fr\/wp-json\/wp\/v2\/pages\/10962\/revisions\/11086"}],"up":[{"embeddable":true,"href":"https:\/\/www.ease2pay.com\/fr\/wp-json\/wp\/v2\/pages\/2582"}],"wp:attachment":[{"href":"https:\/\/www.ease2pay.com\/fr\/wp-json\/wp\/v2\/media?parent=10962"}],"curies":[{"name":"wp","href":"https:\/\/api.w.org\/{rel}","templated":true}]}}