{"id":1834,"date":"2023-02-23T10:07:42","date_gmt":"2023-02-23T10:07:42","guid":{"rendered":"https:\/\/www.ease2pay.com\/?page_id=1834"},"modified":"2026-03-26T16:18:10","modified_gmt":"2026-03-26T15:18:10","slug":"contact","status":"publish","type":"page","link":"https:\/\/www.ease2pay.com\/fr\/over\/contact\/","title":{"rendered":"Contact"},"content":{"rendered":"<div data-elementor-type=\"wp-page\" data-elementor-id=\"1834\" class=\"elementor elementor-1834\" data-elementor-settings=\"{&quot;ha_cmc_init_switcher&quot;:&quot;no&quot;}\" data-elementor-post-type=\"page\">\n\t\t\t\t<div class=\"elementor-element elementor-element-d62135f e-con-full e-flex elementor-invisible e-con e-parent\" data-id=\"d62135f\" data-element_type=\"container\" data-e-type=\"container\" data-settings=\"{&quot;background_background&quot;:&quot;video&quot;,&quot;background_video_link&quot;:&quot;https:\\\/\\\/youtu.be\\\/riKzWzRUo8s&quot;,&quot;background_video_end&quot;:70,&quot;background_play_on_mobile&quot;:&quot;yes&quot;,&quot;animation&quot;:&quot;fadeIn&quot;,&quot;_ha_eqh_enable&quot;:false}\">\n\t\t<div class=\"elementor-background-video-container\">\n\t\t\t\t\t\t\t<div class=\"elementor-background-video-embed\" role=\"presentation\"><\/div>\n\t\t\t\t\t\t<\/div><div class=\"elementor-element elementor-element-f1d755d e-con-full e-flex e-con e-child\" data-id=\"f1d755d\" data-element_type=\"container\" data-e-type=\"container\" data-settings=\"{&quot;_ha_eqh_enable&quot;:false}\">\n\t\t\t\t<div class=\"elementor-element elementor-element-9b2b837 elementor-widget__width-inherit elementor-widget elementor-widget-heading\" data-id=\"9b2b837\" data-element_type=\"widget\" data-e-type=\"widget\" data-widget_type=\"heading.default\">\n\t\t\t\t<div class=\"elementor-widget-container\">\n\t\t\t\t\t<h2 class=\"elementor-heading-title elementor-size-default\">Contact<\/h2>\t\t\t\t<\/div>\n\t\t\t\t<\/div>\n\t\t\t\t<\/div>\n\t\t\t\t<\/div>\n\t\t\t\t<section class=\"elementor-section elementor-top-section elementor-element elementor-element-62c13893 elementor-section-boxed elementor-section-height-default elementor-section-height-default\" data-id=\"62c13893\" data-element_type=\"section\" data-e-type=\"section\" data-settings=\"{&quot;background_background&quot;:&quot;classic&quot;,&quot;_ha_eqh_enable&quot;:false}\">\n\t\t\t\t\t\t<div class=\"elementor-container elementor-column-gap-default\">\n\t\t\t\t\t<div class=\"elementor-column elementor-col-50 elementor-top-column elementor-element elementor-element-2b0e534b\" data-id=\"2b0e534b\" data-element_type=\"column\" data-e-type=\"column\">\n\t\t\t<div class=\"elementor-widget-wrap elementor-element-populated\">\n\t\t\t\t\t\t<div class=\"elementor-element elementor-element-c71a1a0 elementor-widget elementor-widget-text-editor\" data-id=\"c71a1a0\" data-element_type=\"widget\" data-e-type=\"widget\" data-widget_type=\"text-editor.default\">\n\t\t\t\t<div class=\"elementor-widget-container\">\n\t\t\t\t\t\t\t\t\t<p><img decoding=\"async\" class=\"wp-image-8007 alignright\" src=\"https:\/\/www.ease2pay.com\/wp-content\/uploads\/2023\/08\/icon-customer-service.svg\" alt=\"Icon customer service\" width=\"120\" height=\"120\" \/>Vous avez des questions sur l'utilisation de nos applications ou services ? Vous trouverez la r\u00e9ponse directement dans <a href=\"https:\/\/www.ease2pay.com\/fr\/support\/\">la foire aux questions<\/a>. Si vous avez besoin d'aide, veuillez contacter le service d'assistance \u00e0 l'adresse suivante <a href=\"mailto:servicedesk@ease2pay.nl\">servicedesk@ease2pay.nl<\/a>.<\/p><p>Voor sales informatie of andere zakelijke vragen kunt u ons via het contactformulier benaderen.<\/p>\t\t\t\t\t\t\t\t<\/div>\n\t\t\t\t<\/div>\n\t\t\t\t\t<\/div>\n\t\t<\/div>\n\t\t\t\t<div class=\"elementor-column elementor-col-50 elementor-top-column elementor-element elementor-element-ff283db\" data-id=\"ff283db\" data-element_type=\"column\" data-e-type=\"column\" data-settings=\"{&quot;background_background&quot;:&quot;classic&quot;}\">\n\t\t\t<div class=\"elementor-widget-wrap elementor-element-populated\">\n\t\t\t\t\t\t<div class=\"elementor-element elementor-element-929a858 elementor-widget elementor-widget-heading\" data-id=\"929a858\" data-element_type=\"widget\" data-e-type=\"widget\" data-widget_type=\"heading.default\">\n\t\t\t\t<div class=\"elementor-widget-container\">\n\t\t\t\t\t<h2 class=\"elementor-heading-title elementor-size-default\">Ease2pay<\/h2>\t\t\t\t<\/div>\n\t\t\t\t<\/div>\n\t\t\t\t<div class=\"elementor-element elementor-element-97ccaf1 elementor-widget elementor-widget-text-editor\" data-id=\"97ccaf1\" data-element_type=\"widget\" data-e-type=\"widget\" data-widget_type=\"text-editor.default\">\n\t\t\t\t<div class=\"elementor-widget-container\">\n\t\t\t\t\t\t\t\t\t<p>Burg. Oudlaan 50 &#8211; Enterprise Building EUR<br>3062 PA Rotterdam<\/p>\t\t\t\t\t\t\t\t<\/div>\n\t\t\t\t<\/div>\n\t\t\t\t<div class=\"elementor-element elementor-element-f8be178 elementor-widget elementor-widget-html\" data-id=\"f8be178\" data-element_type=\"widget\" data-e-type=\"widget\" data-widget_type=\"html.default\">\n\t\t\t\t<div class=\"elementor-widget-container\">\n\t\t\t\t\t<script src='https:\/\/ease2pay.myfreshworks.com\/crm\/sales\/web_forms\/d50ab44bb6e60c47c256d0a11a85c2197d2b67de60e7ac1cce7b279c9011de95\/form.js' crossorigin='anonymous' id='fs_d50ab44bb6e60c47c256d0a11a85c2197d2b67de60e7ac1cce7b279c9011de95'><\/script>\t\t\t\t<\/div>\n\t\t\t\t<\/div>\n\t\t\t\t<div class=\"elementor-element elementor-element-90eaec5 e-grid-align-left elementor-widget__width-initial elementor-shape-rounded elementor-grid-0 elementor-widget elementor-widget-social-icons\" data-id=\"90eaec5\" data-element_type=\"widget\" data-e-type=\"widget\" data-widget_type=\"social-icons.default\">\n\t\t\t\t<div class=\"elementor-widget-container\">\n\t\t\t\t\t\t\t<div class=\"elementor-social-icons-wrapper elementor-grid\" role=\"list\">\n\t\t\t\t\t\t\t<span class=\"elementor-grid-item\" role=\"listitem\">\n\t\t\t\t\t<a class=\"elementor-icon elementor-social-icon elementor-social-icon-facebook elementor-repeater-item-9e2c521\" href=\"https:\/\/nl-nl.facebook.com\/ease2pay\/\" target=\"_blank\">\n\t\t\t\t\t\t<span class=\"elementor-screen-only\">Facebook<\/span>\n\t\t\t\t\t\t<svg aria-hidden=\"true\" class=\"e-font-icon-svg e-fab-facebook\" viewbox=\"0 0 512 512\" xmlns=\"http:\/\/www.w3.org\/2000\/svg\"><path d=\"M504 256C504 119 393 8 256 8S8 119 8 256c0 123.78 90.69 226.38 209.25 245V327.69h-63V256h63v-54.64c0-62.15 37-96.48 93.67-96.48 27.14 0 55.52 4.84 55.52 4.84v61h-31.28c-30.8 0-40.41 19.12-40.41 38.73V256h68.78l-11 71.69h-57.78V501C413.31 482.38 504 379.78 504 256z\"><\/path><\/svg>\t\t\t\t\t<\/a>\n\t\t\t\t<\/span>\n\t\t\t\t\t\t\t<span class=\"elementor-grid-item\" role=\"listitem\">\n\t\t\t\t\t<a class=\"elementor-icon elementor-social-icon elementor-social-icon-twitter elementor-repeater-item-06def8e\" href=\"https:\/\/twitter.com\/Ease2pay\" target=\"_blank\">\n\t\t\t\t\t\t<span class=\"elementor-screen-only\">Twitter<\/span>\n\t\t\t\t\t\t<svg aria-hidden=\"true\" class=\"e-font-icon-svg e-fab-twitter\" viewbox=\"0 0 512 512\" xmlns=\"http:\/\/www.w3.org\/2000\/svg\"><path d=\"M459.37 151.716c.325 4.548.325 9.097.325 13.645 0 138.72-105.583 298.558-298.558 298.558-59.452 0-114.68-17.219-161.137-47.106 8.447.974 16.568 1.299 25.34 1.299 49.055 0 94.213-16.568 130.274-44.832-46.132-.975-84.792-31.188-98.112-72.772 6.498.974 12.995 1.624 19.818 1.624 9.421 0 18.843-1.3 27.614-3.573-48.081-9.747-84.143-51.98-84.143-102.985v-1.299c13.969 7.797 30.214 12.67 47.431 13.319-28.264-18.843-46.781-51.005-46.781-87.391 0-19.492 5.197-37.36 14.294-52.954 51.655 63.675 129.3 105.258 216.365 109.807-1.624-7.797-2.599-15.918-2.599-24.04 0-57.828 46.782-104.934 104.934-104.934 30.213 0 57.502 12.67 76.67 33.137 23.715-4.548 46.456-13.32 66.599-25.34-7.798 24.366-24.366 44.833-46.132 57.827 21.117-2.273 41.584-8.122 60.426-16.243-14.292 20.791-32.161 39.308-52.628 54.253z\"><\/path><\/svg>\t\t\t\t\t<\/a>\n\t\t\t\t<\/span>\n\t\t\t\t\t\t\t<span class=\"elementor-grid-item\" role=\"listitem\">\n\t\t\t\t\t<a class=\"elementor-icon elementor-social-icon elementor-social-icon-linkedin elementor-repeater-item-97f3cd1\" href=\"https:\/\/www.linkedin.com\/company\/ease2pay\/\" target=\"_blank\">\n\t\t\t\t\t\t<span class=\"elementor-screen-only\">Linkedin<\/span>\n\t\t\t\t\t\t<svg aria-hidden=\"true\" class=\"e-font-icon-svg e-fab-linkedin\" viewbox=\"0 0 448 512\" xmlns=\"http:\/\/www.w3.org\/2000\/svg\"><path d=\"M416 32H31.9C14.3 32 0 46.5 0 64.3v383.4C0 465.5 14.3 480 31.9 480H416c17.6 0 32-14.5 32-32.3V64.3c0-17.8-14.4-32.3-32-32.3zM135.4 416H69V202.2h66.5V416zm-33.2-243c-21.3 0-38.5-17.3-38.5-38.5S80.9 96 102.2 96c21.2 0 38.5 17.3 38.5 38.5 0 21.3-17.2 38.5-38.5 38.5zm282.1 243h-66.4V312c0-24.8-.5-56.7-34.5-56.7-34.6 0-39.9 27-39.9 54.9V416h-66.4V202.2h63.7v29.2h.9c8.9-16.8 30.6-34.5 62.9-34.5 67.2 0 79.7 44.3 79.7 101.9V416z\"><\/path><\/svg>\t\t\t\t\t<\/a>\n\t\t\t\t<\/span>\n\t\t\t\t\t\t\t<span class=\"elementor-grid-item\" role=\"listitem\">\n\t\t\t\t\t<a class=\"elementor-icon elementor-social-icon elementor-social-icon-instagram elementor-repeater-item-d40de74\" href=\"https:\/\/www.instagram.com\/ease2paynl\/\" target=\"_blank\">\n\t\t\t\t\t\t<span class=\"elementor-screen-only\">Instagram<\/span>\n\t\t\t\t\t\t<svg aria-hidden=\"true\" class=\"e-font-icon-svg e-fab-instagram\" viewbox=\"0 0 448 512\" xmlns=\"http:\/\/www.w3.org\/2000\/svg\"><path d=\"M224.1 141c-63.6 0-114.9 51.3-114.9 114.9s51.3 114.9 114.9 114.9S339 319.5 339 255.9 287.7 141 224.1 141zm0 189.6c-41.1 0-74.7-33.5-74.7-74.7s33.5-74.7 74.7-74.7 74.7 33.5 74.7 74.7-33.6 74.7-74.7 74.7zm146.4-194.3c0 14.9-12 26.8-26.8 26.8-14.9 0-26.8-12-26.8-26.8s12-26.8 26.8-26.8 26.8 12 26.8 26.8zm76.1 27.2c-1.7-35.9-9.9-67.7-36.2-93.9-26.2-26.2-58-34.4-93.9-36.2-37-2.1-147.9-2.1-184.9 0-35.8 1.7-67.6 9.9-93.9 36.1s-34.4 58-36.2 93.9c-2.1 37-2.1 147.9 0 184.9 1.7 35.9 9.9 67.7 36.2 93.9s58 34.4 93.9 36.2c37 2.1 147.9 2.1 184.9 0 35.9-1.7 67.7-9.9 93.9-36.2 26.2-26.2 34.4-58 36.2-93.9 2.1-37 2.1-147.8 0-184.8zM398.8 388c-7.8 19.6-22.9 34.7-42.6 42.6-29.5 11.7-99.5 9-132.1 9s-102.7 2.6-132.1-9c-19.6-7.8-34.7-22.9-42.6-42.6-11.7-29.5-9-99.5-9-132.1s-2.6-102.7 9-132.1c7.8-19.6 22.9-34.7 42.6-42.6 29.5-11.7 99.5-9 132.1-9s102.7-2.6 132.1 9c19.6 7.8 34.7 22.9 42.6 42.6 11.7 29.5 9 99.5 9 132.1s2.7 102.7-9 132.1z\"><\/path><\/svg>\t\t\t\t\t<\/a>\n\t\t\t\t<\/span>\n\t\t\t\t\t<\/div>\n\t\t\t\t\t\t<\/div>\n\t\t\t\t<\/div>\n\t\t\t\t\t<\/div>\n\t\t<\/div>\n\t\t\t\t\t<\/div>\n\t\t<\/section>\n\t\t\t\t<\/div>","protected":false},"excerpt":{"rendered":"<p>Contact Heb je vragen over het gebruik van onze apps of diensten? Vind direct jouw antwoord bij de meestgestelde vragen. Kom je er niet uit, neem dan contact op met de helpdesk via servicedesk@ease2pay.nl. Voor sales informatie of andere zakelijke vragen kunt u ons via het contactformulier benaderen. Ease2pay Burg. Oudlaan 50 &#8211; Enterprise Building [&hellip;]<\/p>\n","protected":false},"author":2,"featured_media":0,"parent":1778,"menu_order":0,"comment_status":"closed","ping_status":"closed","template":"","meta":{"site-sidebar-layout":"no-sidebar","site-content-layout":"page-builder","ast-site-content-layout":"default","site-content-style":"default","site-sidebar-style":"default","ast-global-header-display":"","ast-banner-title-visibility":"","ast-main-header-display":"","ast-hfb-above-header-display":"","ast-hfb-below-header-display":"","ast-hfb-mobile-header-display":"","site-post-title":"disabled","ast-breadcrumbs-content":"","ast-featured-img":"disabled","footer-sml-layout":"","ast-disable-related-posts":"","theme-transparent-header-meta":"","adv-header-id-meta":"","stick-header-meta":"","header-above-stick-meta":"","header-main-stick-meta":"","header-below-stick-meta":"","astra-migrate-meta-layouts":"default","ast-page-background-enabled":"default","ast-page-background-meta":{"desktop":{"background-color":"var(--ast-global-color-4)","background-image":"","background-repeat":"repeat","background-position":"center center","background-size":"auto","background-attachment":"scroll","background-type":"","background-media":"","overlay-type":"","overlay-color":"","overlay-opacity":"","overlay-gradient":""},"tablet":{"background-color":"","background-image":"","background-repeat":"repeat","background-position":"center center","background-size":"auto","background-attachment":"scroll","background-type":"","background-media":"","overlay-type":"","overlay-color":"","overlay-opacity":"","overlay-gradient":""},"mobile":{"background-color":"","background-image":"","background-repeat":"repeat","background-position":"center center","background-size":"auto","background-attachment":"scroll","background-type":"","background-media":"","overlay-type":"","overlay-color":"","overlay-opacity":"","overlay-gradient":""}},"ast-content-background-meta":{"desktop":{"background-color":"var(--ast-global-color-5)","background-image":"","background-repeat":"repeat","background-position":"center center","background-size":"auto","background-attachment":"scroll","background-type":"","background-media":"","overlay-type":"","overlay-color":"","overlay-opacity":"","overlay-gradient":""},"tablet":{"background-color":"var(--ast-global-color-5)","background-image":"","background-repeat":"repeat","background-position":"center center","background-size":"auto","background-attachment":"scroll","background-type":"","background-media":"","overlay-type":"","overlay-color":"","overlay-opacity":"","overlay-gradient":""},"mobile":{"background-color":"var(--ast-global-color-5)","background-image":"","background-repeat":"repeat","background-position":"center center","background-size":"auto","background-attachment":"scroll","background-type":"","background-media":"","overlay-type":"","overlay-color":"","overlay-opacity":"","overlay-gradient":""}},"footnotes":""},"class_list":["post-1834","page","type-page","status-publish","hentry"],"yoast_head":"<!-- This site is optimized with the Yoast SEO Premium plugin v27.5 (Yoast SEO v27.5) - https:\/\/yoast.com\/product\/yoast-seo-premium-wordpress\/ -->\n<title>Contact - Ease2pay<\/title>\n<meta name=\"description\" content=\"Heb je vragen over onze apps? Samenwerken met Ease2pay? Neem contact op met ons enthousiaste team.\" \/>\n<meta name=\"robots\" content=\"index, follow, max-snippet:-1, max-image-preview:large, max-video-preview:-1\" \/>\n<link rel=\"canonical\" href=\"https:\/\/www.ease2pay.com\/fr\/over\/contact\/\" \/>\n<meta property=\"og:locale\" content=\"fr_FR\" \/>\n<meta property=\"og:type\" content=\"article\" \/>\n<meta property=\"og:title\" content=\"Contact\" \/>\n<meta property=\"og:description\" content=\"Heb je vragen over onze apps? Samenwerken met Ease2pay? Neem contact op met ons enthousiaste team.\" \/>\n<meta property=\"og:url\" content=\"https:\/\/www.ease2pay.com\/fr\/over\/contact\/\" \/>\n<meta property=\"og:site_name\" content=\"Ease2pay\" \/>\n<meta property=\"article:publisher\" content=\"https:\/\/www.facebook.com\/ease2pay\" \/>\n<meta property=\"article:modified_time\" content=\"2026-03-26T15:18:10+00:00\" \/>\n<meta name=\"twitter:card\" content=\"summary_large_image\" \/>\n<meta name=\"twitter:site\" content=\"@Ease2pay\" \/>\n<meta name=\"twitter:label1\" content=\"Dur\u00e9e de lecture estim\u00e9e\" \/>\n\t<meta name=\"twitter:data1\" content=\"1 minute\" \/>\n<script type=\"application\/ld+json\" class=\"yoast-schema-graph\">{\"@context\":\"https:\\\/\\\/schema.org\",\"@graph\":[{\"@type\":\"WebPage\",\"@id\":\"https:\\\/\\\/www.ease2pay.com\\\/over\\\/contact\\\/\",\"url\":\"https:\\\/\\\/www.ease2pay.com\\\/over\\\/contact\\\/\",\"name\":\"Contact - Ease2pay\",\"isPartOf\":{\"@id\":\"https:\\\/\\\/www.ease2pay.com\\\/#website\"},\"primaryImageOfPage\":{\"@id\":\"https:\\\/\\\/www.ease2pay.com\\\/over\\\/contact\\\/#primaryimage\"},\"image\":{\"@id\":\"https:\\\/\\\/www.ease2pay.com\\\/over\\\/contact\\\/#primaryimage\"},\"thumbnailUrl\":\"https:\\\/\\\/www.ease2pay.com\\\/wp-content\\\/uploads\\\/2023\\\/08\\\/icon-customer-service.svg\",\"datePublished\":\"2023-02-23T10:07:42+00:00\",\"dateModified\":\"2026-03-26T15:18:10+00:00\",\"description\":\"Heb je vragen over onze apps? Samenwerken met Ease2pay? Neem contact op met ons enthousiaste team.\",\"breadcrumb\":{\"@id\":\"https:\\\/\\\/www.ease2pay.com\\\/over\\\/contact\\\/#breadcrumb\"},\"inLanguage\":\"fr-FR\",\"potentialAction\":[{\"@type\":\"ReadAction\",\"target\":[\"https:\\\/\\\/www.ease2pay.com\\\/over\\\/contact\\\/\"]}]},{\"@type\":\"ImageObject\",\"inLanguage\":\"fr-FR\",\"@id\":\"https:\\\/\\\/www.ease2pay.com\\\/over\\\/contact\\\/#primaryimage\",\"url\":\"https:\\\/\\\/www.ease2pay.com\\\/wp-content\\\/uploads\\\/2023\\\/08\\\/icon-customer-service.svg\",\"contentUrl\":\"https:\\\/\\\/www.ease2pay.com\\\/wp-content\\\/uploads\\\/2023\\\/08\\\/icon-customer-service.svg\"},{\"@type\":\"BreadcrumbList\",\"@id\":\"https:\\\/\\\/www.ease2pay.com\\\/over\\\/contact\\\/#breadcrumb\",\"itemListElement\":[{\"@type\":\"ListItem\",\"position\":1,\"name\":\"Home\",\"item\":\"https:\\\/\\\/www.ease2pay.com\\\/\"},{\"@type\":\"ListItem\",\"position\":2,\"name\":\"Over ons\",\"item\":\"https:\\\/\\\/www.ease2pay.com\\\/over\\\/\"},{\"@type\":\"ListItem\",\"position\":3,\"name\":\"Contact\"}]},{\"@type\":\"WebSite\",\"@id\":\"https:\\\/\\\/www.ease2pay.com\\\/#website\",\"url\":\"https:\\\/\\\/www.ease2pay.com\\\/\",\"name\":\"Ease2pay.com\",\"description\":\"Self service for energy, transport and more\",\"publisher\":{\"@id\":\"https:\\\/\\\/www.ease2pay.com\\\/#organization\"},\"potentialAction\":[{\"@type\":\"SearchAction\",\"target\":{\"@type\":\"EntryPoint\",\"urlTemplate\":\"https:\\\/\\\/www.ease2pay.com\\\/?s={search_term_string}\"},\"query-input\":{\"@type\":\"PropertyValueSpecification\",\"valueRequired\":true,\"valueName\":\"search_term_string\"}}],\"inLanguage\":\"fr-FR\"},{\"@type\":[\"Organization\",\"Place\"],\"@id\":\"https:\\\/\\\/www.ease2pay.com\\\/#organization\",\"name\":\"Ease2pay\",\"url\":\"https:\\\/\\\/www.ease2pay.com\\\/\",\"logo\":{\"@id\":\"https:\\\/\\\/www.ease2pay.com\\\/over\\\/contact\\\/#local-main-organization-logo\"},\"image\":{\"@id\":\"https:\\\/\\\/www.ease2pay.com\\\/over\\\/contact\\\/#local-main-organization-logo\"},\"sameAs\":[\"https:\\\/\\\/www.facebook.com\\\/ease2pay\",\"https:\\\/\\\/x.com\\\/Ease2pay\",\"https:\\\/\\\/www.linkedin.com\\\/company\\\/18239877\\\/admin\\\/dashboard\\\/\",\"https:\\\/\\\/www.instagram.com\\\/ease2paynl\\\/\"],\"description\":\"Ontdek het gemak van selfservice. Reserveer, activeer en betaal jouw stroom, water en verblijf op diverse locaties. Regel alles met \u00e9\u00e9n druk op de knop.\",\"numberOfEmployees\":{\"@type\":\"QuantitativeValue\",\"minValue\":\"11\",\"maxValue\":\"50\"},\"telephone\":[],\"openingHoursSpecification\":[{\"@type\":\"OpeningHoursSpecification\",\"dayOfWeek\":[\"Monday\",\"Tuesday\",\"Wednesday\",\"Thursday\",\"Friday\",\"Saturday\",\"Sunday\"],\"opens\":\"09:00\",\"closes\":\"17:00\"}]},{\"@type\":\"ImageObject\",\"inLanguage\":\"fr-FR\",\"@id\":\"https:\\\/\\\/www.ease2pay.com\\\/over\\\/contact\\\/#local-main-organization-logo\",\"url\":\"https:\\\/\\\/www.ease2pay.com\\\/wp-content\\\/uploads\\\/Ease2pay-logo.png\",\"contentUrl\":\"https:\\\/\\\/www.ease2pay.com\\\/wp-content\\\/uploads\\\/Ease2pay-logo.png\",\"width\":500,\"height\":86,\"caption\":\"Ease2pay\"}]}<\/script>\n<!-- \/ Yoast SEO Premium plugin. -->","yoast_head_json":{"title":"Contact - Ease2pay","description":"Heb je vragen over onze apps? Samenwerken met Ease2pay? Neem contact op met ons enthousiaste team.","robots":{"index":"index","follow":"follow","max-snippet":"max-snippet:-1","max-image-preview":"max-image-preview:large","max-video-preview":"max-video-preview:-1"},"canonical":"https:\/\/www.ease2pay.com\/fr\/over\/contact\/","og_locale":"fr_FR","og_type":"article","og_title":"Contact","og_description":"Heb je vragen over onze apps? Samenwerken met Ease2pay? Neem contact op met ons enthousiaste team.","og_url":"https:\/\/www.ease2pay.com\/fr\/over\/contact\/","og_site_name":"Ease2pay","article_publisher":"https:\/\/www.facebook.com\/ease2pay","article_modified_time":"2026-03-26T15:18:10+00:00","twitter_card":"summary_large_image","twitter_site":"@Ease2pay","twitter_misc":{"Dur\u00e9e de lecture estim\u00e9e":"1 minute"},"schema":{"@context":"https:\/\/schema.org","@graph":[{"@type":"WebPage","@id":"https:\/\/www.ease2pay.com\/over\/contact\/","url":"https:\/\/www.ease2pay.com\/over\/contact\/","name":"Contact - Ease2pay","isPartOf":{"@id":"https:\/\/www.ease2pay.com\/#website"},"primaryImageOfPage":{"@id":"https:\/\/www.ease2pay.com\/over\/contact\/#primaryimage"},"image":{"@id":"https:\/\/www.ease2pay.com\/over\/contact\/#primaryimage"},"thumbnailUrl":"https:\/\/www.ease2pay.com\/wp-content\/uploads\/2023\/08\/icon-customer-service.svg","datePublished":"2023-02-23T10:07:42+00:00","dateModified":"2026-03-26T15:18:10+00:00","description":"Heb je vragen over onze apps? Samenwerken met Ease2pay? Neem contact op met ons enthousiaste team.","breadcrumb":{"@id":"https:\/\/www.ease2pay.com\/over\/contact\/#breadcrumb"},"inLanguage":"fr-FR","potentialAction":[{"@type":"ReadAction","target":["https:\/\/www.ease2pay.com\/over\/contact\/"]}]},{"@type":"ImageObject","inLanguage":"fr-FR","@id":"https:\/\/www.ease2pay.com\/over\/contact\/#primaryimage","url":"https:\/\/www.ease2pay.com\/wp-content\/uploads\/2023\/08\/icon-customer-service.svg","contentUrl":"https:\/\/www.ease2pay.com\/wp-content\/uploads\/2023\/08\/icon-customer-service.svg"},{"@type":"BreadcrumbList","@id":"https:\/\/www.ease2pay.com\/over\/contact\/#breadcrumb","itemListElement":[{"@type":"ListItem","position":1,"name":"Home","item":"https:\/\/www.ease2pay.com\/"},{"@type":"ListItem","position":2,"name":"Over ons","item":"https:\/\/www.ease2pay.com\/over\/"},{"@type":"ListItem","position":3,"name":"Contact"}]},{"@type":"WebSite","@id":"https:\/\/www.ease2pay.com\/#website","url":"https:\/\/www.ease2pay.com\/","name":"Ease2pay.com","description":"Self service for energy, transport and more","publisher":{"@id":"https:\/\/www.ease2pay.com\/#organization"},"potentialAction":[{"@type":"SearchAction","target":{"@type":"EntryPoint","urlTemplate":"https:\/\/www.ease2pay.com\/?s={search_term_string}"},"query-input":{"@type":"PropertyValueSpecification","valueRequired":true,"valueName":"search_term_string"}}],"inLanguage":"fr-FR"},{"@type":["Organization","Place"],"@id":"https:\/\/www.ease2pay.com\/#organization","name":"Ease2pay","url":"https:\/\/www.ease2pay.com\/","logo":{"@id":"https:\/\/www.ease2pay.com\/over\/contact\/#local-main-organization-logo"},"image":{"@id":"https:\/\/www.ease2pay.com\/over\/contact\/#local-main-organization-logo"},"sameAs":["https:\/\/www.facebook.com\/ease2pay","https:\/\/x.com\/Ease2pay","https:\/\/www.linkedin.com\/company\/18239877\/admin\/dashboard\/","https:\/\/www.instagram.com\/ease2paynl\/"],"description":"D\u00e9couvrez la commodit\u00e9 du libre-service. R\u00e9servez, activez et payez votre \u00e9lectricit\u00e9, votre eau et votre logement \u00e0 diff\u00e9rents endroits. Il vous suffit d'appuyer sur un bouton pour tout organiser.","numberOfEmployees":{"@type":"QuantitativeValue","minValue":"11","maxValue":"50"},"telephone":[],"openingHoursSpecification":[{"@type":"OpeningHoursSpecification","dayOfWeek":["Monday","Tuesday","Wednesday","Thursday","Friday","Saturday","Sunday"],"opens":"09:00","closes":"17:00"}]},{"@type":"ImageObject","inLanguage":"fr-FR","@id":"https:\/\/www.ease2pay.com\/over\/contact\/#local-main-organization-logo","url":"https:\/\/www.ease2pay.com\/wp-content\/uploads\/Ease2pay-logo.png","contentUrl":"https:\/\/www.ease2pay.com\/wp-content\/uploads\/Ease2pay-logo.png","width":500,"height":86,"caption":"Ease2pay"}]}},"_links":{"self":[{"href":"https:\/\/www.ease2pay.com\/fr\/wp-json\/wp\/v2\/pages\/1834","targetHints":{"allow":["GET"]}}],"collection":[{"href":"https:\/\/www.ease2pay.com\/fr\/wp-json\/wp\/v2\/pages"}],"about":[{"href":"https:\/\/www.ease2pay.com\/fr\/wp-json\/wp\/v2\/types\/page"}],"author":[{"embeddable":true,"href":"https:\/\/www.ease2pay.com\/fr\/wp-json\/wp\/v2\/users\/2"}],"replies":[{"embeddable":true,"href":"https:\/\/www.ease2pay.com\/fr\/wp-json\/wp\/v2\/comments?post=1834"}],"version-history":[{"count":170,"href":"https:\/\/www.ease2pay.com\/fr\/wp-json\/wp\/v2\/pages\/1834\/revisions"}],"predecessor-version":[{"id":12005,"href":"https:\/\/www.ease2pay.com\/fr\/wp-json\/wp\/v2\/pages\/1834\/revisions\/12005"}],"up":[{"embeddable":true,"href":"https:\/\/www.ease2pay.com\/fr\/wp-json\/wp\/v2\/pages\/1778"}],"wp:attachment":[{"href":"https:\/\/www.ease2pay.com\/fr\/wp-json\/wp\/v2\/media?parent=1834"}],"curies":[{"name":"wp","href":"https:\/\/api.w.org\/{rel}","templated":true}]}}