{"id":958,"date":"2022-04-29T12:43:11","date_gmt":"2022-04-29T12:43:11","guid":{"rendered":"https:\/\/www.ease2pay.group\/?page_id=958"},"modified":"2026-03-31T16:43:58","modified_gmt":"2026-03-31T14:43:58","slug":"inschrijven-nieuwsbrief","status":"publish","type":"page","link":"https:\/\/www.ease2pay.com\/fr\/inschrijven-nieuwsbrief\/","title":{"rendered":"Inschrijven nieuwsbrief"},"content":{"rendered":"<div data-elementor-type=\"wp-page\" data-elementor-id=\"958\" class=\"elementor elementor-958\" data-elementor-settings=\"{&quot;ha_cmc_init_switcher&quot;:&quot;no&quot;}\" data-elementor-post-type=\"page\">\n\t\t\t\t\t\t<section class=\"elementor-section elementor-top-section elementor-element elementor-element-aa6642b elementor-section-boxed elementor-section-height-default elementor-section-height-default\" data-id=\"aa6642b\" data-element_type=\"section\" data-e-type=\"section\" data-settings=\"{&quot;background_background&quot;:&quot;classic&quot;,&quot;_ha_eqh_enable&quot;:false}\">\n\t\t\t\t\t\t<div class=\"elementor-container elementor-column-gap-default\">\n\t\t\t\t\t<div class=\"elementor-column elementor-col-100 elementor-top-column elementor-element elementor-element-4f878b2\" data-id=\"4f878b2\" data-element_type=\"column\" data-e-type=\"column\">\n\t\t\t<div class=\"elementor-widget-wrap elementor-element-populated\">\n\t\t\t\t\t\t<section class=\"elementor-section elementor-inner-section elementor-element elementor-element-b89be2b elementor-section-boxed elementor-section-height-default elementor-section-height-default\" data-id=\"b89be2b\" data-element_type=\"section\" data-e-type=\"section\" data-settings=\"{&quot;_ha_eqh_enable&quot;:false}\">\n\t\t\t\t\t\t<div class=\"elementor-container elementor-column-gap-default\">\n\t\t\t\t\t<div class=\"elementor-column elementor-col-50 elementor-inner-column elementor-element elementor-element-6d07913\" data-id=\"6d07913\" data-element_type=\"column\" data-e-type=\"column\">\n\t\t\t<div class=\"elementor-widget-wrap elementor-element-populated\">\n\t\t\t\t\t\t<div class=\"elementor-element elementor-element-7eaca75 elementor-widget elementor-widget-spacer\" data-id=\"7eaca75\" data-element_type=\"widget\" data-e-type=\"widget\" data-widget_type=\"spacer.default\">\n\t\t\t\t<div class=\"elementor-widget-container\">\n\t\t\t\t\t\t\t<div class=\"elementor-spacer\">\n\t\t\t<div class=\"elementor-spacer-inner\"><\/div>\n\t\t<\/div>\n\t\t\t\t\t\t<\/div>\n\t\t\t\t<\/div>\n\t\t\t\t<div class=\"elementor-element elementor-element-3df33c5 elementor-widget elementor-widget-heading\" data-id=\"3df33c5\" data-element_type=\"widget\" data-e-type=\"widget\" data-widget_type=\"heading.default\">\n\t\t\t\t<div class=\"elementor-widget-container\">\n\t\t\t\t\t<h2 class=\"elementor-heading-title elementor-size-default\">Wil je onze nieuwsbrief ontvangen?<\/h2>\t\t\t\t<\/div>\n\t\t\t\t<\/div>\n\t\t\t\t<div class=\"elementor-element elementor-element-8dfa0de elementor-widget elementor-widget-text-editor\" data-id=\"8dfa0de\" data-element_type=\"widget\" data-e-type=\"widget\" data-widget_type=\"text-editor.default\">\n\t\t\t\t<div class=\"elementor-widget-container\">\n\t\t\t\t\t\t\t\t\t<p>Schrijf je hieronder in.<\/p>\t\t\t\t\t\t\t\t<\/div>\n\t\t\t\t<\/div>\n\t\t\t\t\t<\/div>\n\t\t<\/div>\n\t\t\t\t<div class=\"elementor-column elementor-col-50 elementor-inner-column elementor-element elementor-element-9461f99\" data-id=\"9461f99\" data-element_type=\"column\" data-e-type=\"column\">\n\t\t\t<div class=\"elementor-widget-wrap elementor-element-populated\">\n\t\t\t\t\t\t<div class=\"elementor-element elementor-element-a38ab2a elementor-widget elementor-widget-spacer\" data-id=\"a38ab2a\" data-element_type=\"widget\" data-e-type=\"widget\" data-widget_type=\"spacer.default\">\n\t\t\t\t<div class=\"elementor-widget-container\">\n\t\t\t\t\t\t\t<div class=\"elementor-spacer\">\n\t\t\t<div class=\"elementor-spacer-inner\"><\/div>\n\t\t<\/div>\n\t\t\t\t\t\t<\/div>\n\t\t\t\t<\/div>\n\t\t\t\t\t<\/div>\n\t\t<\/div>\n\t\t\t\t\t<\/div>\n\t\t<\/section>\n\t\t\t\t\t<\/div>\n\t\t<\/div>\n\t\t\t\t\t<\/div>\n\t\t<\/section>\n\t\t\t\t<section class=\"elementor-section elementor-top-section elementor-element elementor-element-75ca1d4 elementor-section-boxed elementor-section-height-default elementor-section-height-default\" data-id=\"75ca1d4\" data-element_type=\"section\" data-e-type=\"section\" data-settings=\"{&quot;_ha_eqh_enable&quot;:false}\">\n\t\t\t\t\t\t<div class=\"elementor-container elementor-column-gap-default\">\n\t\t\t\t\t<div class=\"elementor-column elementor-col-33 elementor-top-column elementor-element elementor-element-c31af62\" data-id=\"c31af62\" data-element_type=\"column\" data-e-type=\"column\">\n\t\t\t<div class=\"elementor-widget-wrap\">\n\t\t\t\t\t\t\t<\/div>\n\t\t<\/div>\n\t\t\t\t<div class=\"elementor-column elementor-col-33 elementor-top-column elementor-element elementor-element-6cbbd20\" data-id=\"6cbbd20\" data-element_type=\"column\" data-e-type=\"column\">\n\t\t\t<div class=\"elementor-widget-wrap elementor-element-populated\">\n\t\t\t\t\t\t<div class=\"elementor-element elementor-element-8074a63 elementor-widget elementor-widget-spacer\" data-id=\"8074a63\" data-element_type=\"widget\" data-e-type=\"widget\" data-widget_type=\"spacer.default\">\n\t\t\t\t<div class=\"elementor-widget-container\">\n\t\t\t\t\t\t\t<div class=\"elementor-spacer\">\n\t\t\t<div class=\"elementor-spacer-inner\"><\/div>\n\t\t<\/div>\n\t\t\t\t\t\t<\/div>\n\t\t\t\t<\/div>\n\t\t\t\t<div class=\"elementor-element elementor-element-b2cf5f2 elementor-widget elementor-widget-html\" data-id=\"b2cf5f2\" data-element_type=\"widget\" data-e-type=\"widget\" data-widget_type=\"html.default\">\n\t\t\t\t<div class=\"elementor-widget-container\">\n\t\t\t\t\t\n<!-- Signup part -->\n<div id=\"mmm_generated_form\">\n    <form method=\"POST\" action=\"\" name=\"optinform\" id=\"mmm_optinform\" data-trp-original-action=\"\">\n        <table class=\"input\" id=\"mmm_tableform\" border=\"0\">\n            <tbody>\n\n                <tr>\n                    <td>Adresse e-mail <strong id=\"mmm_error_emailadres\" class=\"error\"><\/strong><\/td>\n                <\/tr>\n                <tr>\n                    <td><input value=\"\" size=\"30\" name=\"emailadres\" id=\"mmm_emailadres\"  type=\"text\">  <\/td>\n                <\/tr>\n\n                <tr>\n                    <td>Pr\u00e9nom <strong id=\"mmm_error_naam\" class=\"error\"><\/strong><\/td>\n                <\/tr>\n\n                <tr>\n                    <td><input value=\"\" size=\"30\" name=\"naam\" id=\"mmm_naam\" type=\"text\"><\/td>\n                <\/tr>\n\n                <tr id=\"mmm_row_error_message\">\n                    <td>\n                        <strong id=\"mmm_error_message\" class=\"error\"><\/strong>\n                    <\/td>\n                <\/tr>\n\n                <tr style=\"display: none\">\n                    <td>\n                        <input value=\"\" size=\"30\" name=\"radid\" id=\"mmm_radid\" style=\"display: none\" type=\"text\" \/>\n                        <input value=\"54fadfad2c79fb45bb7e4c31b8000cf2\" size=\"30\" name=\"token\" id=\"mmm_token\" style=\"display: none\" type=\"text\" \/>\n                        <input value=\"nl_NL\" name=\"language\" id=\"mmm_language\" type=\"hidden\" \/>\n                        <input value=\"control\" name=\"subdomain\" id=\"mmm_subdomain\" type=\"hidden\" \/>\n                        <div id=\"mmm_text_labels\"\n                             data-text-formgen_form_error_alphabetical_only=\"Gebruik alleen alphabetische tekens\"\n                             data-text-formgen_form_error_alphanumerical_only=\"Gebruik alleen alphanumerische tekens\"\n                             data-text-formgen_form_error_numerical_only=\"Gebruik alleen numerische tekens, het minteken of spaties\"\n                             data-text-formgen_form_error_email_not_valid=\"Geen geldig e-mailadres\"\n                             data-text-formgen_form_error_field_required=\"Dit veld is verplicht\"\n                             data-text-formgen_form_general_error=\"Oeps. Er gaat iets mis.\"\n                             data-text-formgen_form_send_error=\"Er is iets misgegaan met het versturen van jouw gegevens.\"\n                        ><\/div>\n                    <\/td>\n                <\/tr>\n\n                <tr>\n                    <td height=\"25\" align=\"left\">\n                        <button id=\"mmm_sendform\">Schrijf me in!<\/button>\n                    <\/td>\n                <\/tr>\n            <\/tbody>\n        <\/table>\n    <input\n                    class=\"apbct_special_field apbct_email_id__elementor_form\"\n                    name=\"apbct__email_id__elementor_form\"\n                    aria-label=\"apbct__label_id__elementor_form\"\n                    type=\"text\" size=\"30\" maxlength=\"200\" autocomplete=\"off\"\n                    value=\"\"\n                \/><input type=\"hidden\" name=\"trp-form-language\" value=\"fr\"\/><\/form>\n<\/div>\n\n<!-- Confirmation part -->\n<div id=\"mmm_thankyou_form\" style=\"display: none; border: medium none; height: 300px;float:left;margin-bottom: 30px\">\n    <div class=\"wrapper\" style=\"margin: 0 auto;text-align: center;\">\n        <h2 id=\"mmm_thankyou_message\">Bedankt voor uw inschrijving. U ontvangt een e-mail waarmee u uw inschrijving kunt bevestigen.<\/h2>\n    <\/div>\n<\/div>\n                    \t\t\t\t<\/div>\n\t\t\t\t<\/div>\n\t\t\t\t<div class=\"elementor-element elementor-element-37f688a elementor-widget elementor-widget-spacer\" data-id=\"37f688a\" data-element_type=\"widget\" data-e-type=\"widget\" data-widget_type=\"spacer.default\">\n\t\t\t\t<div class=\"elementor-widget-container\">\n\t\t\t\t\t\t\t<div class=\"elementor-spacer\">\n\t\t\t<div class=\"elementor-spacer-inner\"><\/div>\n\t\t<\/div>\n\t\t\t\t\t\t<\/div>\n\t\t\t\t<\/div>\n\t\t\t\t\t<\/div>\n\t\t<\/div>\n\t\t\t\t<div class=\"elementor-column elementor-col-33 elementor-top-column elementor-element elementor-element-5ad47a2\" data-id=\"5ad47a2\" data-element_type=\"column\" data-e-type=\"column\">\n\t\t\t<div class=\"elementor-widget-wrap\">\n\t\t\t\t\t\t\t<\/div>\n\t\t<\/div>\n\t\t\t\t\t<\/div>\n\t\t<\/section>\n\t\t\t\t<\/div>","protected":false},"excerpt":{"rendered":"<p>Wil je onze nieuwsbrief ontvangen? Schrijf je hieronder in. E-mailadres Voornaam Schrijf me in! Bedankt voor uw inschrijving. U ontvangt een e-mail waarmee u uw inschrijving kunt bevestigen.<\/p>","protected":false},"author":2,"featured_media":0,"parent":0,"menu_order":0,"comment_status":"closed","ping_status":"closed","template":"","meta":{"site-sidebar-layout":"no-sidebar","site-content-layout":"page-builder","ast-site-content-layout":"default","site-content-style":"default","site-sidebar-style":"default","ast-global-header-display":"","ast-banner-title-visibility":"","ast-main-header-display":"","ast-hfb-above-header-display":"","ast-hfb-below-header-display":"","ast-hfb-mobile-header-display":"","site-post-title":"disabled","ast-breadcrumbs-content":"","ast-featured-img":"disabled","footer-sml-layout":"","ast-disable-related-posts":"","theme-transparent-header-meta":"","adv-header-id-meta":"","stick-header-meta":"","header-above-stick-meta":"","header-main-stick-meta":"","header-below-stick-meta":"","astra-migrate-meta-layouts":"default","ast-page-background-enabled":"default","ast-page-background-meta":{"desktop":{"background-color":"var(--ast-global-color-4)","background-image":"","background-repeat":"repeat","background-position":"center center","background-size":"auto","background-attachment":"scroll","background-type":"","background-media":"","overlay-type":"","overlay-color":"","overlay-opacity":"","overlay-gradient":""},"tablet":{"background-color":"","background-image":"","background-repeat":"repeat","background-position":"center center","background-size":"auto","background-attachment":"scroll","background-type":"","background-media":"","overlay-type":"","overlay-color":"","overlay-opacity":"","overlay-gradient":""},"mobile":{"background-color":"","background-image":"","background-repeat":"repeat","background-position":"center center","background-size":"auto","background-attachment":"scroll","background-type":"","background-media":"","overlay-type":"","overlay-color":"","overlay-opacity":"","overlay-gradient":""}},"ast-content-background-meta":{"desktop":{"background-color":"var(--ast-global-color-5)","background-image":"","background-repeat":"repeat","background-position":"center center","background-size":"auto","background-attachment":"scroll","background-type":"","background-media":"","overlay-type":"","overlay-color":"","overlay-opacity":"","overlay-gradient":""},"tablet":{"background-color":"var(--ast-global-color-5)","background-image":"","background-repeat":"repeat","background-position":"center center","background-size":"auto","background-attachment":"scroll","background-type":"","background-media":"","overlay-type":"","overlay-color":"","overlay-opacity":"","overlay-gradient":""},"mobile":{"background-color":"var(--ast-global-color-5)","background-image":"","background-repeat":"repeat","background-position":"center center","background-size":"auto","background-attachment":"scroll","background-type":"","background-media":"","overlay-type":"","overlay-color":"","overlay-opacity":"","overlay-gradient":""}},"footnotes":""},"class_list":["post-958","page","type-page","status-publish","hentry"],"yoast_head":"<!-- This site is optimized with the Yoast SEO Premium plugin v27.5 (Yoast SEO v27.5) - https:\/\/yoast.com\/product\/yoast-seo-premium-wordpress\/ -->\n<title>Inschrijven nieuwsbrief - Ease2pay<\/title>\n<meta name=\"description\" content=\"Wilt u op de hoogte blijven van de laatste updates van Ease2pay? Schrijf u dan snel in voor onze nieuwsbrief!\" \/>\n<meta name=\"robots\" content=\"index, follow, max-snippet:-1, max-image-preview:large, max-video-preview:-1\" \/>\n<link rel=\"canonical\" href=\"https:\/\/www.ease2pay.com\/fr\/inschrijven-nieuwsbrief\/\" \/>\n<meta property=\"og:locale\" content=\"fr_FR\" \/>\n<meta property=\"og:type\" content=\"article\" \/>\n<meta property=\"og:title\" content=\"Inschrijven nieuwsbrief\" \/>\n<meta property=\"og:description\" content=\"Wilt u op de hoogte blijven van de laatste updates van Ease2pay? Schrijf u dan snel in voor onze nieuwsbrief!\" \/>\n<meta property=\"og:url\" content=\"https:\/\/www.ease2pay.com\/fr\/inschrijven-nieuwsbrief\/\" \/>\n<meta property=\"og:site_name\" content=\"Ease2pay\" \/>\n<meta property=\"article:publisher\" content=\"https:\/\/www.facebook.com\/ease2pay\" \/>\n<meta property=\"article:modified_time\" content=\"2026-03-31T14:43:58+00:00\" \/>\n<meta name=\"twitter:card\" content=\"summary_large_image\" \/>\n<meta name=\"twitter:site\" content=\"@Ease2pay\" \/>\n<meta name=\"twitter:label1\" content=\"Dur\u00e9e de lecture estim\u00e9e\" \/>\n\t<meta name=\"twitter:data1\" content=\"1 minute\" \/>\n<script type=\"application\/ld+json\" class=\"yoast-schema-graph\">{\"@context\":\"https:\\\/\\\/schema.org\",\"@graph\":[{\"@type\":\"WebPage\",\"@id\":\"https:\\\/\\\/www.ease2pay.com\\\/inschrijven-nieuwsbrief\\\/\",\"url\":\"https:\\\/\\\/www.ease2pay.com\\\/inschrijven-nieuwsbrief\\\/\",\"name\":\"Inschrijven nieuwsbrief - Ease2pay\",\"isPartOf\":{\"@id\":\"https:\\\/\\\/www.ease2pay.com\\\/#website\"},\"datePublished\":\"2022-04-29T12:43:11+00:00\",\"dateModified\":\"2026-03-31T14:43:58+00:00\",\"description\":\"Wilt u op de hoogte blijven van de laatste updates van Ease2pay? Schrijf u dan snel in voor onze nieuwsbrief!\",\"breadcrumb\":{\"@id\":\"https:\\\/\\\/www.ease2pay.com\\\/inschrijven-nieuwsbrief\\\/#breadcrumb\"},\"inLanguage\":\"fr-FR\",\"potentialAction\":[{\"@type\":\"ReadAction\",\"target\":[\"https:\\\/\\\/www.ease2pay.com\\\/inschrijven-nieuwsbrief\\\/\"]}]},{\"@type\":\"BreadcrumbList\",\"@id\":\"https:\\\/\\\/www.ease2pay.com\\\/inschrijven-nieuwsbrief\\\/#breadcrumb\",\"itemListElement\":[{\"@type\":\"ListItem\",\"position\":1,\"name\":\"Home\",\"item\":\"https:\\\/\\\/www.ease2pay.com\\\/\"},{\"@type\":\"ListItem\",\"position\":2,\"name\":\"Inschrijven nieuwsbrief\"}]},{\"@type\":\"WebSite\",\"@id\":\"https:\\\/\\\/www.ease2pay.com\\\/#website\",\"url\":\"https:\\\/\\\/www.ease2pay.com\\\/\",\"name\":\"Ease2pay.com\",\"description\":\"Self service for energy, transport and more\",\"publisher\":{\"@id\":\"https:\\\/\\\/www.ease2pay.com\\\/#organization\"},\"potentialAction\":[{\"@type\":\"SearchAction\",\"target\":{\"@type\":\"EntryPoint\",\"urlTemplate\":\"https:\\\/\\\/www.ease2pay.com\\\/?s={search_term_string}\"},\"query-input\":{\"@type\":\"PropertyValueSpecification\",\"valueRequired\":true,\"valueName\":\"search_term_string\"}}],\"inLanguage\":\"fr-FR\"},{\"@type\":[\"Organization\",\"Place\"],\"@id\":\"https:\\\/\\\/www.ease2pay.com\\\/#organization\",\"name\":\"Ease2pay\",\"url\":\"https:\\\/\\\/www.ease2pay.com\\\/\",\"logo\":{\"@id\":\"https:\\\/\\\/www.ease2pay.com\\\/inschrijven-nieuwsbrief\\\/#local-main-organization-logo\"},\"image\":{\"@id\":\"https:\\\/\\\/www.ease2pay.com\\\/inschrijven-nieuwsbrief\\\/#local-main-organization-logo\"},\"sameAs\":[\"https:\\\/\\\/www.facebook.com\\\/ease2pay\",\"https:\\\/\\\/x.com\\\/Ease2pay\",\"https:\\\/\\\/www.linkedin.com\\\/company\\\/18239877\\\/admin\\\/dashboard\\\/\",\"https:\\\/\\\/www.instagram.com\\\/ease2paynl\\\/\"],\"description\":\"Ontdek het gemak van selfservice. Reserveer, activeer en betaal jouw stroom, water en verblijf op diverse locaties. Regel alles met \u00e9\u00e9n druk op de knop.\",\"numberOfEmployees\":{\"@type\":\"QuantitativeValue\",\"minValue\":\"11\",\"maxValue\":\"50\"},\"telephone\":[],\"openingHoursSpecification\":[{\"@type\":\"OpeningHoursSpecification\",\"dayOfWeek\":[\"Monday\",\"Tuesday\",\"Wednesday\",\"Thursday\",\"Friday\",\"Saturday\",\"Sunday\"],\"opens\":\"09:00\",\"closes\":\"17:00\"}]},{\"@type\":\"ImageObject\",\"inLanguage\":\"fr-FR\",\"@id\":\"https:\\\/\\\/www.ease2pay.com\\\/inschrijven-nieuwsbrief\\\/#local-main-organization-logo\",\"url\":\"https:\\\/\\\/www.ease2pay.com\\\/wp-content\\\/uploads\\\/Ease2pay-logo.png\",\"contentUrl\":\"https:\\\/\\\/www.ease2pay.com\\\/wp-content\\\/uploads\\\/Ease2pay-logo.png\",\"width\":500,\"height\":86,\"caption\":\"Ease2pay\"}]}<\/script>\n<!-- \/ Yoast SEO Premium plugin. -->","yoast_head_json":{"title":"Inschrijven nieuwsbrief - Ease2pay","description":"Wilt u op de hoogte blijven van de laatste updates van Ease2pay? Schrijf u dan snel in voor onze nieuwsbrief!","robots":{"index":"index","follow":"follow","max-snippet":"max-snippet:-1","max-image-preview":"max-image-preview:large","max-video-preview":"max-video-preview:-1"},"canonical":"https:\/\/www.ease2pay.com\/fr\/inschrijven-nieuwsbrief\/","og_locale":"fr_FR","og_type":"article","og_title":"Inschrijven nieuwsbrief","og_description":"Wilt u op de hoogte blijven van de laatste updates van Ease2pay? Schrijf u dan snel in voor onze nieuwsbrief!","og_url":"https:\/\/www.ease2pay.com\/fr\/inschrijven-nieuwsbrief\/","og_site_name":"Ease2pay","article_publisher":"https:\/\/www.facebook.com\/ease2pay","article_modified_time":"2026-03-31T14:43:58+00:00","twitter_card":"summary_large_image","twitter_site":"@Ease2pay","twitter_misc":{"Dur\u00e9e de lecture estim\u00e9e":"1 minute"},"schema":{"@context":"https:\/\/schema.org","@graph":[{"@type":"WebPage","@id":"https:\/\/www.ease2pay.com\/inschrijven-nieuwsbrief\/","url":"https:\/\/www.ease2pay.com\/inschrijven-nieuwsbrief\/","name":"Inschrijven nieuwsbrief - Ease2pay","isPartOf":{"@id":"https:\/\/www.ease2pay.com\/#website"},"datePublished":"2022-04-29T12:43:11+00:00","dateModified":"2026-03-31T14:43:58+00:00","description":"Wilt u op de hoogte blijven van de laatste updates van Ease2pay? Schrijf u dan snel in voor onze nieuwsbrief!","breadcrumb":{"@id":"https:\/\/www.ease2pay.com\/inschrijven-nieuwsbrief\/#breadcrumb"},"inLanguage":"fr-FR","potentialAction":[{"@type":"ReadAction","target":["https:\/\/www.ease2pay.com\/inschrijven-nieuwsbrief\/"]}]},{"@type":"BreadcrumbList","@id":"https:\/\/www.ease2pay.com\/inschrijven-nieuwsbrief\/#breadcrumb","itemListElement":[{"@type":"ListItem","position":1,"name":"Home","item":"https:\/\/www.ease2pay.com\/"},{"@type":"ListItem","position":2,"name":"Inschrijven nieuwsbrief"}]},{"@type":"WebSite","@id":"https:\/\/www.ease2pay.com\/#website","url":"https:\/\/www.ease2pay.com\/","name":"Ease2pay.com","description":"Self service for energy, transport and more","publisher":{"@id":"https:\/\/www.ease2pay.com\/#organization"},"potentialAction":[{"@type":"SearchAction","target":{"@type":"EntryPoint","urlTemplate":"https:\/\/www.ease2pay.com\/?s={search_term_string}"},"query-input":{"@type":"PropertyValueSpecification","valueRequired":true,"valueName":"search_term_string"}}],"inLanguage":"fr-FR"},{"@type":["Organization","Place"],"@id":"https:\/\/www.ease2pay.com\/#organization","name":"Ease2pay","url":"https:\/\/www.ease2pay.com\/","logo":{"@id":"https:\/\/www.ease2pay.com\/inschrijven-nieuwsbrief\/#local-main-organization-logo"},"image":{"@id":"https:\/\/www.ease2pay.com\/inschrijven-nieuwsbrief\/#local-main-organization-logo"},"sameAs":["https:\/\/www.facebook.com\/ease2pay","https:\/\/x.com\/Ease2pay","https:\/\/www.linkedin.com\/company\/18239877\/admin\/dashboard\/","https:\/\/www.instagram.com\/ease2paynl\/"],"description":"D\u00e9couvrez la commodit\u00e9 du libre-service. R\u00e9servez, activez et payez votre \u00e9lectricit\u00e9, votre eau et votre logement \u00e0 diff\u00e9rents endroits. Il vous suffit d'appuyer sur un bouton pour tout organiser.","numberOfEmployees":{"@type":"QuantitativeValue","minValue":"11","maxValue":"50"},"telephone":[],"openingHoursSpecification":[{"@type":"OpeningHoursSpecification","dayOfWeek":["Monday","Tuesday","Wednesday","Thursday","Friday","Saturday","Sunday"],"opens":"09:00","closes":"17:00"}]},{"@type":"ImageObject","inLanguage":"fr-FR","@id":"https:\/\/www.ease2pay.com\/inschrijven-nieuwsbrief\/#local-main-organization-logo","url":"https:\/\/www.ease2pay.com\/wp-content\/uploads\/Ease2pay-logo.png","contentUrl":"https:\/\/www.ease2pay.com\/wp-content\/uploads\/Ease2pay-logo.png","width":500,"height":86,"caption":"Ease2pay"}]}},"_links":{"self":[{"href":"https:\/\/www.ease2pay.com\/fr\/wp-json\/wp\/v2\/pages\/958","targetHints":{"allow":["GET"]}}],"collection":[{"href":"https:\/\/www.ease2pay.com\/fr\/wp-json\/wp\/v2\/pages"}],"about":[{"href":"https:\/\/www.ease2pay.com\/fr\/wp-json\/wp\/v2\/types\/page"}],"author":[{"embeddable":true,"href":"https:\/\/www.ease2pay.com\/fr\/wp-json\/wp\/v2\/users\/2"}],"replies":[{"embeddable":true,"href":"https:\/\/www.ease2pay.com\/fr\/wp-json\/wp\/v2\/comments?post=958"}],"version-history":[{"count":21,"href":"https:\/\/www.ease2pay.com\/fr\/wp-json\/wp\/v2\/pages\/958\/revisions"}],"predecessor-version":[{"id":12097,"href":"https:\/\/www.ease2pay.com\/fr\/wp-json\/wp\/v2\/pages\/958\/revisions\/12097"}],"wp:attachment":[{"href":"https:\/\/www.ease2pay.com\/fr\/wp-json\/wp\/v2\/media?parent=958"}],"curies":[{"name":"wp","href":"https:\/\/api.w.org\/{rel}","templated":true}]}}